{"id":1283,"date":"2020-05-12T18:42:37","date_gmt":"2020-05-12T22:42:37","guid":{"rendered":"https:\/\/secutron.com\/?post_type=product&#038;p=1283"},"modified":"2024-07-17T16:32:40","modified_gmt":"2024-07-17T20:32:40","slug":"inx-10a-nac-expander-power-supply","status":"publish","type":"product","link":"https:\/\/secutron.com\/fr\/products\/inx-10a-nac-expander-power-supply\/","title":{"rendered":"INX-10A - NAC EXPANDER \/ POWER SUPPLY"},"content":{"rendered":"<p>L'INX-10A NAC Expander \/ Power Supply fonctionne avec les centrales d'alarme incendie intelligentes compatibles et r\u00e9pertori\u00e9es. Disponible dans une configuration de 10 amp\u00e8res, l'INX-10A peut \u00e9tendre les capacit\u00e9s d'alimentation des circuits d'appareils de notification existants et fournir de l'\u00e9nergie \u00e0 d'autres dispositifs auxiliaires. En outre, l'INX-10A peut fonctionner avec n'importe quel panneau de contr\u00f4le d'alarme incendie 24 VDC r\u00e9pertori\u00e9 UL\/ULC pour fournir une extension du circuit de l'appareil de notification.<\/p>\n<p>L'INX-10A NAC Expander \/ Power Supply est \u00e9quip\u00e9 de cinq circuits de sortie individuels de classe B (Style Y) ou de classe A (Style Z) qui peuvent \u00eatre configur\u00e9s ind\u00e9pendamment pour le fonctionnement du NAC ou l'alimentation auxiliaire. L'INX-10A offre la possibilit\u00e9 de configurer les cinq circuits comme une sortie pour fournir une alimentation g\u00e9n\u00e9rale.<\/p>\n<p>En outre, les circuits de sortie quatre et cinq peuvent \u00eatre configur\u00e9s pour fournir une alimentation auxiliaire \u00e0 des d\u00e9tecteurs \u00e0 quatre fils ou \u00e0 des supports de porte. Chaque circuit de sortie a une capacit\u00e9 de 2,5 amp\u00e8res.<\/p>\n<p>Lorsqu'elles sont configur\u00e9es pour le fonctionnement NAC, les sorties de l'INX-10A r peuvent \u00eatre r\u00e9gl\u00e9es sur Steady, Temporal Code, California Code ou March Time. De plus, les circuits de sortie ont des protocoles de synchronisation stroboscopique et de klaxon int\u00e9gr\u00e9s s\u00e9lectionnables sur le terrain pour prendre en charge les dispositifs Amseco, System Sensor, Wheelock et Gentex, \u00e9liminant ainsi le besoin de modules de synchronisation externes suppl\u00e9mentaires.<\/p>\n<p><strong>Caract\u00e9ristiques<\/strong><br \/>\n- Sortie de 10 amp\u00e8res<br \/>\n- Fonctionnement 120 \/ 240V<br \/>\n- Fonctionne avec les centrales d'alarme incendie intelligentes de la s\u00e9rie compatibles avec la liste.<br \/>\n- Facilement configurable \u00e0 l'aide de commutateurs DIP<br \/>\n- Une entr\u00e9e isol\u00e9e du panneau h\u00f4te<br \/>\n- Cinq circuits de sortie synchronis\u00e9s de classe B (style Y) ou de classe A (style Z)<br \/>\n- Sorties r\u00e9gul\u00e9es en courant continu<br \/>\n- D\u00e9lai de d\u00e9faillance de l'alimentation AC configurable<br \/>\n- Activation ou d\u00e9sactivation du d\u00e9faut de masse<br \/>\n- Option disponible dans la configuration pour activer ou d\u00e9sactiver le chargeur de batterie lors de l'activation<br \/>\n- De 7 \u00e0 15 fonctions d'adresse (combinaison d'entr\u00e9es et de sorties, selon l'application)<br \/>\n- Sorties contr\u00f4lables individuellement<br \/>\n- Relais s\u00e9par\u00e9s pour d\u00e9faut de terre et d\u00e9faut commun disponibles sur les bornes.<br \/>\n- Les protocoles de synchronisation de l'avertisseur sonore et du stroboscope comprennent Amseco, Gentex, System Sensor et Wheelock.<br \/>\n- Le mode de synchronisation des avertisseurs sonores et des stroboscopes \u00e0 deux fils permet de faire taire les avertisseurs sonores tout en laissant fonctionner les avertisseurs visuels (stroboscopes).<br \/>\n- Les signaux sonores peuvent \u00eatre configur\u00e9s pour un signal constant, un code temporel, un code californien et un temps de mars.<br \/>\n- Les circuits de sortie quatre et cinq peuvent \u00eatre configur\u00e9s pour fournir une alimentation auxiliaire aux d\u00e9tecteurs \u00e0 quatre fils ou aux portiers.<br \/>\n- Fonctionnement en deux \u00e9tapes au Canada<br \/>\n- Notification de d\u00e9faut de sortie au panneau de contr\u00f4le d'alarme incendie<br \/>\n- Possibilit\u00e9 de synchroniser les sorties de plusieurs unit\u00e9s INX-10A<br \/>\n- Courant max. de 2,5 amp\u00e8res par sortie<br \/>\n- Puissance auxiliaire de 1,7 amp\u00e8re<br \/>\n- Chargeur int\u00e9gr\u00e9 pour les batteries scell\u00e9es au plomb ou au gel<br \/>\n- L'unit\u00e9 comprend l'alimentation \u00e9lectrique, le chargeur, la porte rouge, la bo\u00eete noire, le transformateur et les fils de la batterie.<br \/>\n- Compatible avec n'importe quel panneau de contr\u00f4le d'alarme incendie conventionnel 24VDC list\u00e9 UL\/ULC pour permettre l'expansion du circuit de l'appareil de notification.<\/p>\n<p>&nbsp;<\/p>","protected":false},"excerpt":{"rendered":"<p>L'INX-10A NAC Expander \/ Power Supply fonctionne avec les centrales d'alarme incendie intelligentes compatibles et list\u00e9es 24 VDC.<\/p>","protected":false},"featured_media":1284,"template":"","meta":{"_acf_changed":false,"om_disable_all_campaigns":false,"_monsterinsights_skip_tracking":false,"_monsterinsights_sitenote_active":false,"_monsterinsights_sitenote_note":"","_monsterinsights_sitenote_category":0,"footnotes":""},"product_brand":[],"product_cat":[46],"product_tag":[],"class_list":{"0":"post-1283","1":"product","2":"type-product","3":"status-publish","4":"has-post-thumbnail","6":"product_cat-accessories","8":"first","9":"instock","10":"shipping-taxable","11":"product-type-simple"},"acf":[],"yoast_head":"<!-- This site is optimized with the Yoast SEO plugin v27.5 - https:\/\/yoast.com\/product\/yoast-seo-wordpress\/ -->\n<title>INX-10A - NAC EXPANDER \/ POWER SUPPLY - Secutron<\/title>\n<meta name=\"description\" content=\"Discover the INX-10A NAC Expander\/Power Supply, compatible with UL\/ULC Listed 24 VDC fire alarm control panels. Featuring five output circuits.\" \/>\n<meta name=\"robots\" content=\"index, follow, max-snippet:-1, max-image-preview:large, max-video-preview:-1\" \/>\n<link rel=\"canonical\" href=\"https:\/\/secutron.com\/fr\/products\/inx-10a-nac-expander-power-supply\/\" \/>\n<meta property=\"og:locale\" content=\"fr_CA\" \/>\n<meta property=\"og:type\" content=\"article\" \/>\n<meta property=\"og:title\" content=\"INX-10A - NAC EXPANDER \/ POWER SUPPLY - Secutron\" \/>\n<meta property=\"og:description\" content=\"Discover the INX-10A NAC Expander\/Power Supply, compatible with UL\/ULC Listed 24 VDC fire alarm control panels. Featuring five output circuits.\" \/>\n<meta property=\"og:url\" content=\"https:\/\/secutron.com\/fr\/products\/inx-10a-nac-expander-power-supply\/\" \/>\n<meta property=\"og:site_name\" content=\"Secutron\" \/>\n<meta property=\"article:modified_time\" content=\"2024-07-17T20:32:40+00:00\" \/>\n<meta property=\"og:image\" content=\"https:\/\/secutron.com\/wp-content\/uploads\/products\/Secutron_INX-10A.png\" \/>\n\t<meta property=\"og:image:width\" content=\"1414\" \/>\n\t<meta property=\"og:image:height\" content=\"1404\" \/>\n\t<meta property=\"og:image:type\" content=\"image\/png\" \/>\n<meta name=\"twitter:card\" content=\"summary_large_image\" \/>\n<meta name=\"twitter:label1\" content=\"Estimation du temps de lecture\" \/>\n\t<meta name=\"twitter:data1\" content=\"3 minutes\" \/>\n<script type=\"application\/ld+json\" class=\"yoast-schema-graph\">{\"@context\":\"https:\\\/\\\/schema.org\",\"@graph\":[{\"@type\":\"WebPage\",\"@id\":\"https:\\\/\\\/secutron.com\\\/products\\\/inx-10a-nac-expander-power-supply\\\/\",\"url\":\"https:\\\/\\\/secutron.com\\\/products\\\/inx-10a-nac-expander-power-supply\\\/\",\"name\":\"INX-10A - NAC EXPANDER \\\/ POWER SUPPLY - Secutron\",\"isPartOf\":{\"@id\":\"https:\\\/\\\/secutron.com\\\/#website\"},\"primaryImageOfPage\":{\"@id\":\"https:\\\/\\\/secutron.com\\\/products\\\/inx-10a-nac-expander-power-supply\\\/#primaryimage\"},\"image\":{\"@id\":\"https:\\\/\\\/secutron.com\\\/products\\\/inx-10a-nac-expander-power-supply\\\/#primaryimage\"},\"thumbnailUrl\":\"https:\\\/\\\/secutron.com\\\/wp-content\\\/uploads\\\/products\\\/Secutron_INX-10A.png\",\"datePublished\":\"2020-05-12T22:42:37+00:00\",\"dateModified\":\"2024-07-17T20:32:40+00:00\",\"description\":\"Discover the INX-10A NAC Expander\\\/Power Supply, compatible with UL\\\/ULC Listed 24 VDC fire alarm control panels. Featuring five output circuits.\",\"breadcrumb\":{\"@id\":\"https:\\\/\\\/secutron.com\\\/products\\\/inx-10a-nac-expander-power-supply\\\/#breadcrumb\"},\"inLanguage\":\"fr-CA\",\"potentialAction\":[{\"@type\":\"ReadAction\",\"target\":[\"https:\\\/\\\/secutron.com\\\/products\\\/inx-10a-nac-expander-power-supply\\\/\"]}]},{\"@type\":\"ImageObject\",\"inLanguage\":\"fr-CA\",\"@id\":\"https:\\\/\\\/secutron.com\\\/products\\\/inx-10a-nac-expander-power-supply\\\/#primaryimage\",\"url\":\"https:\\\/\\\/secutron.com\\\/wp-content\\\/uploads\\\/products\\\/Secutron_INX-10A.png\",\"contentUrl\":\"https:\\\/\\\/secutron.com\\\/wp-content\\\/uploads\\\/products\\\/Secutron_INX-10A.png\",\"width\":1414,\"height\":1404,\"caption\":\"INX-10A NAC Expander \\\/ Power Supply\"},{\"@type\":\"BreadcrumbList\",\"@id\":\"https:\\\/\\\/secutron.com\\\/products\\\/inx-10a-nac-expander-power-supply\\\/#breadcrumb\",\"itemListElement\":[{\"@type\":\"ListItem\",\"position\":1,\"name\":\"Home\",\"item\":\"https:\\\/\\\/secutron.com\\\/\"},{\"@type\":\"ListItem\",\"position\":2,\"name\":\"Shop\",\"item\":\"https:\\\/\\\/secutron.com\\\/shop\\\/\"},{\"@type\":\"ListItem\",\"position\":3,\"name\":\"INX-10A &#8211; NAC EXPANDER \\\/ POWER SUPPLY\"}]},{\"@type\":\"WebSite\",\"@id\":\"https:\\\/\\\/secutron.com\\\/#website\",\"url\":\"https:\\\/\\\/secutron.com\\\/\",\"name\":\"Secutron\",\"description\":\"\",\"potentialAction\":[{\"@type\":\"SearchAction\",\"target\":{\"@type\":\"EntryPoint\",\"urlTemplate\":\"https:\\\/\\\/secutron.com\\\/?s={search_term_string}\"},\"query-input\":{\"@type\":\"PropertyValueSpecification\",\"valueRequired\":true,\"valueName\":\"search_term_string\"}}],\"inLanguage\":\"fr-CA\"}]}<\/script>\n<!-- \/ Yoast SEO plugin. -->","yoast_head_json":{"title":"INX-10A - NAC EXPANDER \/ POWER SUPPLY - Secutron","description":"D\u00e9couvrez l'amplificateur\/alimentation INX-10A NAC, compatible avec les panneaux de contr\u00f4le d'alarme incendie 24 VDC r\u00e9pertori\u00e9s UL\/ULC. Comprend cinq circuits de sortie.","robots":{"index":"index","follow":"follow","max-snippet":"max-snippet:-1","max-image-preview":"max-image-preview:large","max-video-preview":"max-video-preview:-1"},"canonical":"https:\/\/secutron.com\/fr\/products\/inx-10a-nac-expander-power-supply\/","og_locale":"fr_CA","og_type":"article","og_title":"INX-10A - NAC EXPANDER \/ POWER SUPPLY - Secutron","og_description":"Discover the INX-10A NAC Expander\/Power Supply, compatible with UL\/ULC Listed 24 VDC fire alarm control panels. Featuring five output circuits.","og_url":"https:\/\/secutron.com\/fr\/products\/inx-10a-nac-expander-power-supply\/","og_site_name":"Secutron","article_modified_time":"2024-07-17T20:32:40+00:00","og_image":[{"width":1414,"height":1404,"url":"https:\/\/secutron.com\/wp-content\/uploads\/products\/Secutron_INX-10A.png","type":"image\/png"}],"twitter_card":"summary_large_image","twitter_misc":{"Estimation du temps de lecture":"3 minutes"},"schema":{"@context":"https:\/\/schema.org","@graph":[{"@type":"WebPage","@id":"https:\/\/secutron.com\/products\/inx-10a-nac-expander-power-supply\/","url":"https:\/\/secutron.com\/products\/inx-10a-nac-expander-power-supply\/","name":"INX-10A - NAC EXPANDER \/ POWER SUPPLY - Secutron","isPartOf":{"@id":"https:\/\/secutron.com\/#website"},"primaryImageOfPage":{"@id":"https:\/\/secutron.com\/products\/inx-10a-nac-expander-power-supply\/#primaryimage"},"image":{"@id":"https:\/\/secutron.com\/products\/inx-10a-nac-expander-power-supply\/#primaryimage"},"thumbnailUrl":"https:\/\/secutron.com\/wp-content\/uploads\/products\/Secutron_INX-10A.png","datePublished":"2020-05-12T22:42:37+00:00","dateModified":"2024-07-17T20:32:40+00:00","description":"D\u00e9couvrez l'amplificateur\/alimentation INX-10A NAC, compatible avec les panneaux de contr\u00f4le d'alarme incendie 24 VDC r\u00e9pertori\u00e9s UL\/ULC. Comprend cinq circuits de sortie.","breadcrumb":{"@id":"https:\/\/secutron.com\/products\/inx-10a-nac-expander-power-supply\/#breadcrumb"},"inLanguage":"fr-CA","potentialAction":[{"@type":"ReadAction","target":["https:\/\/secutron.com\/products\/inx-10a-nac-expander-power-supply\/"]}]},{"@type":"ImageObject","inLanguage":"fr-CA","@id":"https:\/\/secutron.com\/products\/inx-10a-nac-expander-power-supply\/#primaryimage","url":"https:\/\/secutron.com\/wp-content\/uploads\/products\/Secutron_INX-10A.png","contentUrl":"https:\/\/secutron.com\/wp-content\/uploads\/products\/Secutron_INX-10A.png","width":1414,"height":1404,"caption":"INX-10A NAC Expander \/ Power Supply"},{"@type":"BreadcrumbList","@id":"https:\/\/secutron.com\/products\/inx-10a-nac-expander-power-supply\/#breadcrumb","itemListElement":[{"@type":"ListItem","position":1,"name":"Home","item":"https:\/\/secutron.com\/"},{"@type":"ListItem","position":2,"name":"Shop","item":"https:\/\/secutron.com\/shop\/"},{"@type":"ListItem","position":3,"name":"INX-10A &#8211; NAC EXPANDER \/ POWER SUPPLY"}]},{"@type":"WebSite","@id":"https:\/\/secutron.com\/#website","url":"https:\/\/secutron.com\/","name":"Secutron","description":"","potentialAction":[{"@type":"SearchAction","target":{"@type":"EntryPoint","urlTemplate":"https:\/\/secutron.com\/?s={search_term_string}"},"query-input":{"@type":"PropertyValueSpecification","valueRequired":true,"valueName":"search_term_string"}}],"inLanguage":"fr-CA"}]}},"_links":{"self":[{"href":"https:\/\/secutron.com\/fr\/wp-json\/wp\/v2\/product\/1283","targetHints":{"allow":["GET"]}}],"collection":[{"href":"https:\/\/secutron.com\/fr\/wp-json\/wp\/v2\/product"}],"about":[{"href":"https:\/\/secutron.com\/fr\/wp-json\/wp\/v2\/types\/product"}],"version-history":[{"count":3,"href":"https:\/\/secutron.com\/fr\/wp-json\/wp\/v2\/product\/1283\/revisions"}],"predecessor-version":[{"id":3021,"href":"https:\/\/secutron.com\/fr\/wp-json\/wp\/v2\/product\/1283\/revisions\/3021"}],"wp:featuredmedia":[{"embeddable":true,"href":"https:\/\/secutron.com\/fr\/wp-json\/wp\/v2\/media\/1284"}],"wp:attachment":[{"href":"https:\/\/secutron.com\/fr\/wp-json\/wp\/v2\/media?parent=1283"}],"wp:term":[{"taxonomy":"product_brand","embeddable":true,"href":"https:\/\/secutron.com\/fr\/wp-json\/wp\/v2\/product_brand?post=1283"},{"taxonomy":"product_cat","embeddable":true,"href":"https:\/\/secutron.com\/fr\/wp-json\/wp\/v2\/product_cat?post=1283"},{"taxonomy":"product_tag","embeddable":true,"href":"https:\/\/secutron.com\/fr\/wp-json\/wp\/v2\/product_tag?post=1283"}],"curies":[{"name":"wp","href":"https:\/\/api.w.org\/{rel}","templated":true}]}}