{"id":1261,"date":"2020-04-09T17:30:54","date_gmt":"2020-04-09T21:30:54","guid":{"rendered":"http:\/\/dev.secutron.com\/?post_type=product&#038;p=1261"},"modified":"2025-02-12T21:04:55","modified_gmt":"2025-02-13T02:04:55","slug":"fh-400-horns","status":"publish","type":"product","link":"https:\/\/secutron.com\/fr\/products\/fh-400-horns\/","title":{"rendered":"FH-400 HORNS"},"content":{"rendered":"<p>Les klaxons FH-400 de MGC constituent une solution auditive qui offre une efficacit\u00e9 \u00e9nerg\u00e9tique exceptionnelle dans un design compact. La faible consommation de courant permet d'utiliser plus d'appareils sur un circuit NAC tout en r\u00e9duisant le nombre d'alimentations externes n\u00e9cessaires.<\/p>\n<h2><strong>Caract\u00e9ristiques :<\/strong><\/h2>\n<ul>\n<li>Conception compacte<\/li>\n<li>Plusieurs param\u00e8tres sonores s\u00e9lectionnables sur le terrain\n<ul>\n<li>Temporel, continu, temps de marche et 20 BPM<\/li>\n<li>Volume \u00e9lev\u00e9 et faible<\/li>\n<\/ul>\n<\/li>\n<li>Les r\u00e9glages de l'appareil sont situ\u00e9s \u00e0 l'arri\u00e8re de l'appareil afin d'\u00e9viter toute manipulation.<\/li>\n<li>Am\u00e9liorez la communication en cas d'urgence avec les mod\u00e8les blancs comportant des \u00e9tiquettes \"Alert\".<\/li>\n<li>Montage au mur et au plafond<\/li>\n<li>Comprend un clip de court-circuitage qui permet aux installateurs de tester le c\u00e2blage avant l'installation du dispositif.<\/li>\n<li>Se monte sur les bo\u00eetes d'encastrement de surface MGC BB-400, les bo\u00eetes de jonction simples, carr\u00e9es de 4 pouces, doubles, octogonales et de 4 pouces.<\/li>\n<li>Toutes les unit\u00e9s comprennent une plaque de montage universelle.<\/li>\n<li>Finition rouge ou blanche<\/li>\n<li>Prend en charge les c\u00e2bles de 12 \u00e0 22 AWG<\/li>\n<li>Pour les applications int\u00e9rieures<\/li>\n<\/ul>\n<h4>Informations sur les commandes :<\/h4>\n<ul>\n<li><strong>FH-400-RR :<\/strong> Klaxon pour montage mural\/au plafond, rouge<\/li>\n<li><strong>FH-400-WW : <\/strong>Klaxon pour montage mural\/au plafond, blanc<\/li>\n<\/ul>\n<h4>Liste des agences<\/h4>\n<ul>\n<li>UL 464<\/li>\n<li>ULC S525<\/li>\n<li>NFPA 72<\/li>\n<\/ul>\n<h4><img decoding=\"async\" src=\"https:\/\/mircom.com\/wp-content\/uploads\/products\/ul.jpg\" \/> <img decoding=\"async\" src=\"https:\/\/mircom.com\/wp-content\/uploads\/products\/ulc.jpg\" \/><img decoding=\"async\" class=\"alignnone wp-image-12557\" src=\"https:\/\/mircom.com\/wp-content\/uploads\/csfm-1.jpg\" alt=\"\" width=\"128\" height=\"96\" \/><img decoding=\"async\" class=\"size-full wp-image-12553\" src=\"https:\/\/mircom.com\/wp-content\/uploads\/fm.jpg\" alt=\"fm\" width=\"120\" height=\"90\" \/><\/h4>","protected":false},"excerpt":{"rendered":"<p>Les klaxons FH-400 de MGC constituent une solution sonore qui offre une efficacit\u00e9 \u00e9nerg\u00e9tique exceptionnelle dans un design compact.<\/p>","protected":false},"featured_media":3307,"template":"","meta":{"_acf_changed":false,"om_disable_all_campaigns":false,"_monsterinsights_skip_tracking":false,"_monsterinsights_sitenote_active":false,"_monsterinsights_sitenote_note":"","_monsterinsights_sitenote_category":0,"footnotes":""},"product_brand":[],"product_cat":[74],"product_tag":[],"class_list":{"0":"post-1261","1":"product","2":"type-product","3":"status-publish","4":"has-post-thumbnail","6":"product_cat-400-series","8":"first","9":"instock","10":"shipping-taxable","11":"product-type-simple"},"acf":[],"yoast_head":"<!-- This site is optimized with the Yoast SEO plugin v27.4 - https:\/\/yoast.com\/product\/yoast-seo-wordpress\/ -->\n<title>FH-400 HORNS - Secutron<\/title>\n<meta name=\"description\" content=\"The FH-400 Series Horns offer a compact solution with a variety of audible settings, including Temporal, Continuous, March Time, and 20 BPM tones.\" \/>\n<meta name=\"robots\" content=\"index, follow, max-snippet:-1, max-image-preview:large, max-video-preview:-1\" \/>\n<link rel=\"canonical\" href=\"https:\/\/secutron.com\/fr\/products\/fh-400-horns\/\" \/>\n<meta property=\"og:locale\" content=\"fr_CA\" \/>\n<meta property=\"og:type\" content=\"article\" \/>\n<meta property=\"og:title\" content=\"FH-400 HORNS - Secutron\" \/>\n<meta property=\"og:description\" content=\"The FH-400 Series Horns offer a compact solution with a variety of audible settings, including Temporal, Continuous, March Time, and 20 BPM tones.\" \/>\n<meta property=\"og:url\" content=\"https:\/\/secutron.com\/fr\/products\/fh-400-horns\/\" \/>\n<meta property=\"og:site_name\" content=\"Secutron\" \/>\n<meta property=\"article:modified_time\" content=\"2025-02-13T02:04:55+00:00\" \/>\n<meta property=\"og:image\" content=\"https:\/\/secutron.com\/wp-content\/uploads\/products\/products-fh-400-fire-alarm-horns-300x300-1.jpg\" \/>\n\t<meta property=\"og:image:width\" content=\"900\" \/>\n\t<meta property=\"og:image:height\" content=\"900\" \/>\n\t<meta property=\"og:image:type\" content=\"image\/jpeg\" \/>\n<meta name=\"twitter:card\" content=\"summary_large_image\" \/>\n<meta name=\"twitter:label1\" content=\"Estimation du temps de lecture\" \/>\n\t<meta name=\"twitter:data1\" content=\"2 minutes\" \/>\n<script type=\"application\/ld+json\" class=\"yoast-schema-graph\">{\"@context\":\"https:\\\/\\\/schema.org\",\"@graph\":[{\"@type\":\"WebPage\",\"@id\":\"https:\\\/\\\/secutron.com\\\/products\\\/fh-400-horns\\\/\",\"url\":\"https:\\\/\\\/secutron.com\\\/products\\\/fh-400-horns\\\/\",\"name\":\"FH-400 HORNS - Secutron\",\"isPartOf\":{\"@id\":\"https:\\\/\\\/secutron.com\\\/#website\"},\"primaryImageOfPage\":{\"@id\":\"https:\\\/\\\/secutron.com\\\/products\\\/fh-400-horns\\\/#primaryimage\"},\"image\":{\"@id\":\"https:\\\/\\\/secutron.com\\\/products\\\/fh-400-horns\\\/#primaryimage\"},\"thumbnailUrl\":\"https:\\\/\\\/secutron.com\\\/wp-content\\\/uploads\\\/products\\\/products-fh-400-fire-alarm-horns-300x300-1.jpg\",\"datePublished\":\"2020-04-09T21:30:54+00:00\",\"dateModified\":\"2025-02-13T02:04:55+00:00\",\"description\":\"The FH-400 Series Horns offer a compact solution with a variety of audible settings, including Temporal, Continuous, March Time, and 20 BPM tones.\",\"breadcrumb\":{\"@id\":\"https:\\\/\\\/secutron.com\\\/products\\\/fh-400-horns\\\/#breadcrumb\"},\"inLanguage\":\"fr-CA\",\"potentialAction\":[{\"@type\":\"ReadAction\",\"target\":[\"https:\\\/\\\/secutron.com\\\/products\\\/fh-400-horns\\\/\"]}]},{\"@type\":\"ImageObject\",\"inLanguage\":\"fr-CA\",\"@id\":\"https:\\\/\\\/secutron.com\\\/products\\\/fh-400-horns\\\/#primaryimage\",\"url\":\"https:\\\/\\\/secutron.com\\\/wp-content\\\/uploads\\\/products\\\/products-fh-400-fire-alarm-horns-300x300-1.jpg\",\"contentUrl\":\"https:\\\/\\\/secutron.com\\\/wp-content\\\/uploads\\\/products\\\/products-fh-400-fire-alarm-horns-300x300-1.jpg\",\"width\":900,\"height\":900},{\"@type\":\"BreadcrumbList\",\"@id\":\"https:\\\/\\\/secutron.com\\\/products\\\/fh-400-horns\\\/#breadcrumb\",\"itemListElement\":[{\"@type\":\"ListItem\",\"position\":1,\"name\":\"Home\",\"item\":\"https:\\\/\\\/secutron.com\\\/\"},{\"@type\":\"ListItem\",\"position\":2,\"name\":\"Shop\",\"item\":\"https:\\\/\\\/secutron.com\\\/shop\\\/\"},{\"@type\":\"ListItem\",\"position\":3,\"name\":\"FH-400 HORNS\"}]},{\"@type\":\"WebSite\",\"@id\":\"https:\\\/\\\/secutron.com\\\/#website\",\"url\":\"https:\\\/\\\/secutron.com\\\/\",\"name\":\"Secutron\",\"description\":\"\",\"potentialAction\":[{\"@type\":\"SearchAction\",\"target\":{\"@type\":\"EntryPoint\",\"urlTemplate\":\"https:\\\/\\\/secutron.com\\\/?s={search_term_string}\"},\"query-input\":{\"@type\":\"PropertyValueSpecification\",\"valueRequired\":true,\"valueName\":\"search_term_string\"}}],\"inLanguage\":\"fr-CA\"}]}<\/script>\n<!-- \/ Yoast SEO plugin. -->","yoast_head_json":{"title":"FH-400 HORNS - Secutron","description":"Les klaxons de la s\u00e9rie FH-400 offrent une solution compacte avec une vari\u00e9t\u00e9 de r\u00e9glages audibles, y compris des tonalit\u00e9s temporelles, continues, de temps de marche et de 20 BPM.","robots":{"index":"index","follow":"follow","max-snippet":"max-snippet:-1","max-image-preview":"max-image-preview:large","max-video-preview":"max-video-preview:-1"},"canonical":"https:\/\/secutron.com\/fr\/products\/fh-400-horns\/","og_locale":"fr_CA","og_type":"article","og_title":"FH-400 HORNS - Secutron","og_description":"The FH-400 Series Horns offer a compact solution with a variety of audible settings, including Temporal, Continuous, March Time, and 20 BPM tones.","og_url":"https:\/\/secutron.com\/fr\/products\/fh-400-horns\/","og_site_name":"Secutron","article_modified_time":"2025-02-13T02:04:55+00:00","og_image":[{"width":900,"height":900,"url":"https:\/\/secutron.com\/wp-content\/uploads\/products\/products-fh-400-fire-alarm-horns-300x300-1.jpg","type":"image\/jpeg"}],"twitter_card":"summary_large_image","twitter_misc":{"Estimation du temps de lecture":"2 minutes"},"schema":{"@context":"https:\/\/schema.org","@graph":[{"@type":"WebPage","@id":"https:\/\/secutron.com\/products\/fh-400-horns\/","url":"https:\/\/secutron.com\/products\/fh-400-horns\/","name":"FH-400 HORNS - Secutron","isPartOf":{"@id":"https:\/\/secutron.com\/#website"},"primaryImageOfPage":{"@id":"https:\/\/secutron.com\/products\/fh-400-horns\/#primaryimage"},"image":{"@id":"https:\/\/secutron.com\/products\/fh-400-horns\/#primaryimage"},"thumbnailUrl":"https:\/\/secutron.com\/wp-content\/uploads\/products\/products-fh-400-fire-alarm-horns-300x300-1.jpg","datePublished":"2020-04-09T21:30:54+00:00","dateModified":"2025-02-13T02:04:55+00:00","description":"Les klaxons de la s\u00e9rie FH-400 offrent une solution compacte avec une vari\u00e9t\u00e9 de r\u00e9glages audibles, y compris des tonalit\u00e9s temporelles, continues, de temps de marche et de 20 BPM.","breadcrumb":{"@id":"https:\/\/secutron.com\/products\/fh-400-horns\/#breadcrumb"},"inLanguage":"fr-CA","potentialAction":[{"@type":"ReadAction","target":["https:\/\/secutron.com\/products\/fh-400-horns\/"]}]},{"@type":"ImageObject","inLanguage":"fr-CA","@id":"https:\/\/secutron.com\/products\/fh-400-horns\/#primaryimage","url":"https:\/\/secutron.com\/wp-content\/uploads\/products\/products-fh-400-fire-alarm-horns-300x300-1.jpg","contentUrl":"https:\/\/secutron.com\/wp-content\/uploads\/products\/products-fh-400-fire-alarm-horns-300x300-1.jpg","width":900,"height":900},{"@type":"BreadcrumbList","@id":"https:\/\/secutron.com\/products\/fh-400-horns\/#breadcrumb","itemListElement":[{"@type":"ListItem","position":1,"name":"Home","item":"https:\/\/secutron.com\/"},{"@type":"ListItem","position":2,"name":"Shop","item":"https:\/\/secutron.com\/shop\/"},{"@type":"ListItem","position":3,"name":"FH-400 HORNS"}]},{"@type":"WebSite","@id":"https:\/\/secutron.com\/#website","url":"https:\/\/secutron.com\/","name":"Secutron","description":"","potentialAction":[{"@type":"SearchAction","target":{"@type":"EntryPoint","urlTemplate":"https:\/\/secutron.com\/?s={search_term_string}"},"query-input":{"@type":"PropertyValueSpecification","valueRequired":true,"valueName":"search_term_string"}}],"inLanguage":"fr-CA"}]}},"_links":{"self":[{"href":"https:\/\/secutron.com\/fr\/wp-json\/wp\/v2\/product\/1261","targetHints":{"allow":["GET"]}}],"collection":[{"href":"https:\/\/secutron.com\/fr\/wp-json\/wp\/v2\/product"}],"about":[{"href":"https:\/\/secutron.com\/fr\/wp-json\/wp\/v2\/types\/product"}],"version-history":[{"count":6,"href":"https:\/\/secutron.com\/fr\/wp-json\/wp\/v2\/product\/1261\/revisions"}],"predecessor-version":[{"id":3889,"href":"https:\/\/secutron.com\/fr\/wp-json\/wp\/v2\/product\/1261\/revisions\/3889"}],"wp:featuredmedia":[{"embeddable":true,"href":"https:\/\/secutron.com\/fr\/wp-json\/wp\/v2\/media\/3307"}],"wp:attachment":[{"href":"https:\/\/secutron.com\/fr\/wp-json\/wp\/v2\/media?parent=1261"}],"wp:term":[{"taxonomy":"product_brand","embeddable":true,"href":"https:\/\/secutron.com\/fr\/wp-json\/wp\/v2\/product_brand?post=1261"},{"taxonomy":"product_cat","embeddable":true,"href":"https:\/\/secutron.com\/fr\/wp-json\/wp\/v2\/product_cat?post=1261"},{"taxonomy":"product_tag","embeddable":true,"href":"https:\/\/secutron.com\/fr\/wp-json\/wp\/v2\/product_tag?post=1261"}],"curies":[{"name":"wp","href":"https:\/\/api.w.org\/{rel}","templated":true}]}}