{"id":597,"date":"2019-07-31T15:01:13","date_gmt":"2019-07-31T15:01:13","guid":{"rendered":"http:\/\/dev.secutron.com\/about-2\/"},"modified":"2024-07-18T16:26:55","modified_gmt":"2024-07-18T20:26:55","slug":"about","status":"publish","type":"page","link":"https:\/\/secutron.com\/fr\/about\/","title":{"rendered":"\u00c0 propos de Secutron"},"content":{"rendered":"<div data-elementor-type=\"wp-page\" data-elementor-id=\"597\" class=\"elementor elementor-597\" data-elementor-post-type=\"page\">\n\t\t\t\t\t\t<section data-dce-background-image-url=\"https:\/\/secutron.com\/wp-content\/uploads\/red-pattern-bg.png\" class=\"elementor-section elementor-top-section elementor-element elementor-element-1a15122 elementor-section-boxed elementor-section-height-default elementor-section-height-default\" data-id=\"1a15122\" data-element_type=\"section\" data-e-type=\"section\" data-settings=\"{&quot;background_background&quot;:&quot;classic&quot;}\">\n\t\t\t\t\t\t<div class=\"elementor-container elementor-column-gap-default\">\n\t\t\t\t\t<div class=\"elementor-column elementor-col-100 elementor-top-column elementor-element elementor-element-78637b6\" data-id=\"78637b6\" data-element_type=\"column\" data-e-type=\"column\">\n\t\t\t<div class=\"elementor-widget-wrap elementor-element-populated\">\n\t\t\t\t\t\t<div data-dce-title-color=\"#FFFFFF\" class=\"elementor-element elementor-element-47c31e4 elementor-widget elementor-widget-heading\" data-id=\"47c31e4\" data-element_type=\"widget\" data-e-type=\"widget\" data-widget_type=\"heading.default\">\n\t\t\t\t<div class=\"elementor-widget-container\">\n\t\t\t\t\t<h1 class=\"elementor-heading-title elementor-size-default\">\u00c0 PROPOS <\/h1>\t\t\t\t<\/div>\n\t\t\t\t<\/div>\n\t\t\t\t\t<\/div>\n\t\t<\/div>\n\t\t\t\t\t<\/div>\n\t\t<\/section>\n\t\t\t\t<section class=\"elementor-section elementor-top-section elementor-element elementor-element-7f1a882 elementor-section-boxed elementor-section-height-default elementor-section-height-default\" data-id=\"7f1a882\" data-element_type=\"section\" data-e-type=\"section\">\n\t\t\t\t\t\t<div class=\"elementor-container elementor-column-gap-default\">\n\t\t\t\t\t<div class=\"elementor-column elementor-col-100 elementor-top-column elementor-element elementor-element-e3a8665\" data-id=\"e3a8665\" data-element_type=\"column\" data-e-type=\"column\">\n\t\t\t<div class=\"elementor-widget-wrap elementor-element-populated\">\n\t\t\t\t\t\t<div class=\"elementor-element elementor-element-b7a5525 elementor-widget elementor-widget-text-editor\" data-id=\"b7a5525\" data-element_type=\"widget\" data-e-type=\"widget\" data-widget_type=\"text-editor.default\">\n\t\t\t\t<div class=\"elementor-widget-container\">\n\t\t\t\t\t\t\t\t\t<p>\u00c9tablis en 1973, les produits Secutron sont con\u00e7us et fabriqu\u00e9s par le groupe de soci\u00e9t\u00e9s Mircom. Avec un si\u00e8ge social et une usine de fabrication de 100 000 pieds carr\u00e9s \u00e0 Vaughan (Toronto), au Canada, et une usine de fabrication suppl\u00e9mentaire de 77 000 pieds carr\u00e9s \u00e0 Montr\u00e9al, au Canada, le groupe de soci\u00e9t\u00e9s Mircom conserve un contr\u00f4le total sur le processus de d\u00e9veloppement des produits, du d\u00e9but \u00e0 la fin.<\/p>\n<p>Les produits Secutron de s\u00e9curit\u00e9 incendie et de protection des personnes offrent une gamme compl\u00e8te de syst\u00e8mes de s\u00e9curit\u00e9 incendie et de protection des personnes, d'accessoires et de dispositifs de terrain adapt\u00e9s aux exigences de toute application r\u00e9sidentielle, commerciale, institutionnelle ou industrielle \u00e0 plusieurs unit\u00e9s.<\/p>\n<p>Les multiples gammes de produits du Groupe de soci\u00e9t\u00e9s Mircom nous permettent d'int\u00e9grer de fa\u00e7on transparente les forces d'un produit sp\u00e9cifique dans l'ensemble de notre famille, offrant ainsi une qualit\u00e9 et une protection constantes et de haut niveau que les installations exigent.<\/p>\n<p>En tant que membre du groupe d'entreprises Mircom, nous sommes certifi\u00e9s ISO 9001:2015 et membres d'associations industrielles reconnues, notamment :<\/p>\n<ul>\n<li>National Fire Protection Association (NFPA)<\/li>\n<li>Soci\u00e9t\u00e9 des ing\u00e9nieurs en protection incendie (SFPE)<\/li>\n<li>Association de l'industrie de la s\u00e9curit\u00e9 (SIA)<\/li>\n<li>Association californienne des syst\u00e8mes automatiques d'alarme incendie (CAFAA)<\/li>\n<li>Association canadienne de l'alarme et de la s\u00e9curit\u00e9 (CANASA)<\/li>\n<li>Association canadienne des avertisseurs d'incendie (CFAA)<\/li>\n<li>Association indienne de s\u00e9curit\u00e9 et d'incendie (FSAI)<\/li>\n<li>Association pour l'alarme incendie automatique (AFAA)<\/li>\n<\/ul><div><br><\/div>\n<p>Le groupe d'entreprises Mircom est un leader mondial dans la conception, la fabrication et la distribution de solutions pour b\u00e2timents intelligents. Notre portefeuille comprend des syst\u00e8mes d'alarme incendie et de s\u00e9curit\u00e9 des personnes, des solutions de communication et de s\u00e9curit\u00e9, des syst\u00e8mes de notification de masse, ainsi que des technologies intelligentes et d'automatisation des b\u00e2timents. Avec des clients dans plus de 100 pays \u00e0 travers le monde, nous nous engageons \u00e0 fournir des solutions innovantes et fiables qui r\u00e9pondent aux besoins de notre client\u00e8le diversifi\u00e9e.<\/p>\t\t\t\t\t\t\t\t<\/div>\n\t\t\t\t<\/div>\n\t\t\t\t\t<\/div>\n\t\t<\/div>\n\t\t\t\t\t<\/div>\n\t\t<\/section>\n\t\t\t\t<\/div>","protected":false},"excerpt":{"rendered":"<p>ABOUT Established in 1973, Secutron products are engineered and manufactured by the Mircom Group of Companies. With a 100,000 square foot head office and manufacturing facility in Vaughan (Toronto), Canada, and an additional 77,000 square foot manufacturing facility in Montreal, Canada, the Mircom Group of Companies maintains complete control over the product development process from [&hellip;]<\/p>\n","protected":false},"author":1,"featured_media":0,"parent":0,"menu_order":3,"comment_status":"closed","ping_status":"closed","template":"","meta":{"_acf_changed":false,"om_disable_all_campaigns":false,"_monsterinsights_skip_tracking":false,"_monsterinsights_sitenote_active":false,"_monsterinsights_sitenote_note":"","_monsterinsights_sitenote_category":0,"footnotes":""},"class_list":["post-597","page","type-page","status-publish","hentry"],"acf":[],"yoast_head":"<!-- This site is optimized with the Yoast SEO plugin v27.4 - https:\/\/yoast.com\/product\/yoast-seo-wordpress\/ -->\n<title>About Secutron - Secutron<\/title>\n<meta name=\"description\" content=\"Learn about Secutron, a leader in fire &amp; life safety products since 1973. Explore our range of systems, accessories, and field devices.\" \/>\n<meta name=\"robots\" content=\"index, follow, max-snippet:-1, max-image-preview:large, max-video-preview:-1\" \/>\n<link rel=\"canonical\" href=\"https:\/\/secutron.com\/fr\/about\/\" \/>\n<meta property=\"og:locale\" content=\"fr_CA\" \/>\n<meta property=\"og:type\" content=\"article\" \/>\n<meta property=\"og:title\" content=\"About Secutron - Secutron\" \/>\n<meta property=\"og:description\" content=\"Learn about Secutron, a leader in fire &amp; life safety products since 1973. Explore our range of systems, accessories, and field devices.\" \/>\n<meta property=\"og:url\" content=\"https:\/\/secutron.com\/fr\/about\/\" \/>\n<meta property=\"og:site_name\" content=\"Secutron\" \/>\n<meta property=\"article:modified_time\" content=\"2024-07-18T20:26:55+00:00\" \/>\n<meta name=\"twitter:card\" content=\"summary_large_image\" \/>\n<meta name=\"twitter:label1\" content=\"Estimation du temps de lecture\" \/>\n\t<meta name=\"twitter:data1\" content=\"2 minutes\" \/>\n<script type=\"application\/ld+json\" class=\"yoast-schema-graph\">{\"@context\":\"https:\\\/\\\/schema.org\",\"@graph\":[{\"@type\":\"WebPage\",\"@id\":\"https:\\\/\\\/secutron.com\\\/about\\\/\",\"url\":\"https:\\\/\\\/secutron.com\\\/about\\\/\",\"name\":\"About Secutron - Secutron\",\"isPartOf\":{\"@id\":\"https:\\\/\\\/secutron.com\\\/#website\"},\"datePublished\":\"2019-07-31T15:01:13+00:00\",\"dateModified\":\"2024-07-18T20:26:55+00:00\",\"description\":\"Learn about Secutron, a leader in fire & life safety products since 1973. Explore our range of systems, accessories, and field devices.\",\"breadcrumb\":{\"@id\":\"https:\\\/\\\/secutron.com\\\/about\\\/#breadcrumb\"},\"inLanguage\":\"fr-CA\",\"potentialAction\":[{\"@type\":\"ReadAction\",\"target\":[\"https:\\\/\\\/secutron.com\\\/about\\\/\"]}]},{\"@type\":\"BreadcrumbList\",\"@id\":\"https:\\\/\\\/secutron.com\\\/about\\\/#breadcrumb\",\"itemListElement\":[{\"@type\":\"ListItem\",\"position\":1,\"name\":\"Home\",\"item\":\"https:\\\/\\\/secutron.com\\\/\"},{\"@type\":\"ListItem\",\"position\":2,\"name\":\"About Secutron\"}]},{\"@type\":\"WebSite\",\"@id\":\"https:\\\/\\\/secutron.com\\\/#website\",\"url\":\"https:\\\/\\\/secutron.com\\\/\",\"name\":\"Secutron\",\"description\":\"\",\"potentialAction\":[{\"@type\":\"SearchAction\",\"target\":{\"@type\":\"EntryPoint\",\"urlTemplate\":\"https:\\\/\\\/secutron.com\\\/?s={search_term_string}\"},\"query-input\":{\"@type\":\"PropertyValueSpecification\",\"valueRequired\":true,\"valueName\":\"search_term_string\"}}],\"inLanguage\":\"fr-CA\"}]}<\/script>\n<!-- \/ Yoast SEO plugin. -->","yoast_head_json":{"title":"A propos de Secutron - Secutron","description":"D\u00e9couvrez Secutron, leader dans le domaine des produits de s\u00e9curit\u00e9 incendie et de protection des personnes depuis 1973. D\u00e9couvrez notre gamme de syst\u00e8mes, d'accessoires et de dispositifs de terrain.","robots":{"index":"index","follow":"follow","max-snippet":"max-snippet:-1","max-image-preview":"max-image-preview:large","max-video-preview":"max-video-preview:-1"},"canonical":"https:\/\/secutron.com\/fr\/about\/","og_locale":"fr_CA","og_type":"article","og_title":"About Secutron - Secutron","og_description":"Learn about Secutron, a leader in fire & life safety products since 1973. Explore our range of systems, accessories, and field devices.","og_url":"https:\/\/secutron.com\/fr\/about\/","og_site_name":"Secutron","article_modified_time":"2024-07-18T20:26:55+00:00","twitter_card":"summary_large_image","twitter_misc":{"Estimation du temps de lecture":"2 minutes"},"schema":{"@context":"https:\/\/schema.org","@graph":[{"@type":"WebPage","@id":"https:\/\/secutron.com\/about\/","url":"https:\/\/secutron.com\/about\/","name":"A propos de Secutron - Secutron","isPartOf":{"@id":"https:\/\/secutron.com\/#website"},"datePublished":"2019-07-31T15:01:13+00:00","dateModified":"2024-07-18T20:26:55+00:00","description":"D\u00e9couvrez Secutron, leader dans le domaine des produits de s\u00e9curit\u00e9 incendie et de protection des personnes depuis 1973. D\u00e9couvrez notre gamme de syst\u00e8mes, d'accessoires et de dispositifs de terrain.","breadcrumb":{"@id":"https:\/\/secutron.com\/about\/#breadcrumb"},"inLanguage":"fr-CA","potentialAction":[{"@type":"ReadAction","target":["https:\/\/secutron.com\/about\/"]}]},{"@type":"BreadcrumbList","@id":"https:\/\/secutron.com\/about\/#breadcrumb","itemListElement":[{"@type":"ListItem","position":1,"name":"Home","item":"https:\/\/secutron.com\/"},{"@type":"ListItem","position":2,"name":"About Secutron"}]},{"@type":"WebSite","@id":"https:\/\/secutron.com\/#website","url":"https:\/\/secutron.com\/","name":"Secutron","description":"","potentialAction":[{"@type":"SearchAction","target":{"@type":"EntryPoint","urlTemplate":"https:\/\/secutron.com\/?s={search_term_string}"},"query-input":{"@type":"PropertyValueSpecification","valueRequired":true,"valueName":"search_term_string"}}],"inLanguage":"fr-CA"}]}},"_links":{"self":[{"href":"https:\/\/secutron.com\/fr\/wp-json\/wp\/v2\/pages\/597","targetHints":{"allow":["GET"]}}],"collection":[{"href":"https:\/\/secutron.com\/fr\/wp-json\/wp\/v2\/pages"}],"about":[{"href":"https:\/\/secutron.com\/fr\/wp-json\/wp\/v2\/types\/page"}],"author":[{"embeddable":true,"href":"https:\/\/secutron.com\/fr\/wp-json\/wp\/v2\/users\/1"}],"replies":[{"embeddable":true,"href":"https:\/\/secutron.com\/fr\/wp-json\/wp\/v2\/comments?post=597"}],"version-history":[{"count":25,"href":"https:\/\/secutron.com\/fr\/wp-json\/wp\/v2\/pages\/597\/revisions"}],"predecessor-version":[{"id":3555,"href":"https:\/\/secutron.com\/fr\/wp-json\/wp\/v2\/pages\/597\/revisions\/3555"}],"wp:attachment":[{"href":"https:\/\/secutron.com\/fr\/wp-json\/wp\/v2\/media?parent=597"}],"curies":[{"name":"wp","href":"https:\/\/api.w.org\/{rel}","templated":true}]}}