{"id":595,"date":"2019-07-31T15:01:13","date_gmt":"2019-07-31T15:01:13","guid":{"rendered":"http:\/\/dev.secutron.com\/support-tickets\/"},"modified":"2024-07-18T16:19:53","modified_gmt":"2024-07-18T20:19:53","slug":"support-tickets","status":"publish","type":"page","link":"https:\/\/secutron.com\/fr\/support\/support-tickets\/","title":{"rendered":"Billets de soutien"},"content":{"rendered":"<div data-elementor-type=\"wp-page\" data-elementor-id=\"595\" class=\"elementor elementor-595\" data-elementor-post-type=\"page\">\n\t\t\t\t\t\t<section data-dce-background-image-url=\"https:\/\/secutron.com\/wp-content\/uploads\/red-pattern-bg.png\" class=\"elementor-section elementor-top-section elementor-element elementor-element-8acff6c elementor-section-boxed elementor-section-height-default elementor-section-height-default\" data-id=\"8acff6c\" data-element_type=\"section\" data-e-type=\"section\" data-settings=\"{&quot;background_background&quot;:&quot;classic&quot;}\">\n\t\t\t\t\t\t<div class=\"elementor-container elementor-column-gap-default\">\n\t\t\t\t\t<div class=\"elementor-column elementor-col-100 elementor-top-column elementor-element elementor-element-a1a7f67\" data-id=\"a1a7f67\" data-element_type=\"column\" data-e-type=\"column\">\n\t\t\t<div class=\"elementor-widget-wrap elementor-element-populated\">\n\t\t\t\t\t\t<div data-dce-title-color=\"#FFFFFF\" class=\"elementor-element elementor-element-f78146e elementor-widget elementor-widget-heading\" data-id=\"f78146e\" data-element_type=\"widget\" data-e-type=\"widget\" data-widget_type=\"heading.default\">\n\t\t\t\t<div class=\"elementor-widget-container\">\n\t\t\t\t\t<h2 class=\"elementor-heading-title elementor-size-default\">SOUMETTRE UN TICKET D'ASSISTANCE<\/h2>\t\t\t\t<\/div>\n\t\t\t\t<\/div>\n\t\t\t\t\t<\/div>\n\t\t<\/div>\n\t\t\t\t\t<\/div>\n\t\t<\/section>\n\t\t<div class=\"elementor-element elementor-element-05f4406 e-flex e-con-boxed e-con e-parent\" data-id=\"05f4406\" data-element_type=\"container\" data-e-type=\"container\">\n\t\t\t\t\t<div class=\"e-con-inner\">\n\t\t\t\t<div class=\"elementor-element elementor-element-8a9dc83 elementor-widget elementor-widget-text-editor\" data-id=\"8a9dc83\" data-element_type=\"widget\" data-e-type=\"widget\" data-widget_type=\"text-editor.default\">\n\t\t\t\t<div class=\"elementor-widget-container\">\n\t\t\t\t\t\t\t\t\t<p>Veuillez utiliser ce formulaire pour contacter nos services d'assistance. Nous vous r\u00e9pondrons dans les 24 \u00e0 48 heures. En cas d'urgence, veuillez nous appeler en utilisant nos coordonn\u00e9es.<\/p>\t\t\t\t\t\t\t\t<\/div>\n\t\t\t\t<\/div>\n\t\t\t\t<div class=\"elementor-element elementor-element-5cffd9e elementor-widget elementor-widget-shortcode\" data-id=\"5cffd9e\" data-element_type=\"widget\" data-e-type=\"widget\" data-widget_type=\"shortcode.default\">\n\t\t\t\t<div class=\"elementor-widget-container\">\n\t\t\t\t\t\t\t<div class=\"elementor-shortcode\"><div class=\"_form_108\"><\/div><script src=\"https:\/\/mircom.activehosted.com\/f\/embed.php?id=108\" type=\"text\/javascript\" charset=\"utf-8\"><\/script><\/div>\n\t\t\t\t\t\t<\/div>\n\t\t\t\t<\/div>\n\t\t\t\t\t<\/div>\n\t\t\t\t<\/div>\n\t\t\t\t<\/div>","protected":false},"excerpt":{"rendered":"<p>SOUMETTRE UN TICKET D'ASSISTANCE Veuillez utiliser ce formulaire pour contacter nos services d'assistance. Nous vous r\u00e9pondrons dans les 24 \u00e0 48 heures. En cas d'urgence, veuillez nous appeler en utilisant nos coordonn\u00e9es.<\/p>","protected":false},"author":1,"featured_media":0,"parent":592,"menu_order":1,"comment_status":"closed","ping_status":"closed","template":"","meta":{"_acf_changed":false,"om_disable_all_campaigns":false,"_monsterinsights_skip_tracking":false,"_monsterinsights_sitenote_active":false,"_monsterinsights_sitenote_note":"","_monsterinsights_sitenote_category":0,"footnotes":""},"class_list":["post-595","page","type-page","status-publish","hentry"],"acf":[],"yoast_head":"<!-- This site is optimized with the Yoast SEO plugin v27.4 - https:\/\/yoast.com\/product\/yoast-seo-wordpress\/ -->\n<title>Support Tickets - Secutron<\/title>\n<meta name=\"description\" content=\"Access useful resources, get support, and reach out to us at Secutron. Submit a support ticket for assistance.\" \/>\n<meta name=\"robots\" content=\"index, follow, max-snippet:-1, max-image-preview:large, max-video-preview:-1\" \/>\n<link rel=\"canonical\" href=\"https:\/\/secutron.com\/fr\/support\/support-tickets\/\" \/>\n<meta property=\"og:locale\" content=\"fr_CA\" \/>\n<meta property=\"og:type\" content=\"article\" \/>\n<meta property=\"og:title\" content=\"Support Tickets - Secutron\" \/>\n<meta property=\"og:description\" content=\"Access useful resources, get support, and reach out to us at Secutron. Submit a support ticket for assistance.\" \/>\n<meta property=\"og:url\" content=\"https:\/\/secutron.com\/fr\/support\/support-tickets\/\" \/>\n<meta property=\"og:site_name\" content=\"Secutron\" \/>\n<meta property=\"article:modified_time\" content=\"2024-07-18T20:19:53+00:00\" \/>\n<meta name=\"twitter:card\" content=\"summary_large_image\" \/>\n<meta name=\"twitter:label1\" content=\"Estimation du temps de lecture\" \/>\n\t<meta name=\"twitter:data1\" content=\"1 minute\" \/>\n<script type=\"application\/ld+json\" class=\"yoast-schema-graph\">{\"@context\":\"https:\\\/\\\/schema.org\",\"@graph\":[{\"@type\":\"WebPage\",\"@id\":\"https:\\\/\\\/secutron.com\\\/support\\\/support-tickets\\\/\",\"url\":\"https:\\\/\\\/secutron.com\\\/support\\\/support-tickets\\\/\",\"name\":\"Support Tickets - Secutron\",\"isPartOf\":{\"@id\":\"https:\\\/\\\/secutron.com\\\/#website\"},\"datePublished\":\"2019-07-31T15:01:13+00:00\",\"dateModified\":\"2024-07-18T20:19:53+00:00\",\"description\":\"Access useful resources, get support, and reach out to us at Secutron. Submit a support ticket for assistance.\",\"breadcrumb\":{\"@id\":\"https:\\\/\\\/secutron.com\\\/support\\\/support-tickets\\\/#breadcrumb\"},\"inLanguage\":\"fr-CA\",\"potentialAction\":[{\"@type\":\"ReadAction\",\"target\":[\"https:\\\/\\\/secutron.com\\\/support\\\/support-tickets\\\/\"]}]},{\"@type\":\"BreadcrumbList\",\"@id\":\"https:\\\/\\\/secutron.com\\\/support\\\/support-tickets\\\/#breadcrumb\",\"itemListElement\":[{\"@type\":\"ListItem\",\"position\":1,\"name\":\"Home\",\"item\":\"https:\\\/\\\/secutron.com\\\/\"},{\"@type\":\"ListItem\",\"position\":2,\"name\":\"Support\",\"item\":\"https:\\\/\\\/secutron.com\\\/support\\\/\"},{\"@type\":\"ListItem\",\"position\":3,\"name\":\"Support Tickets\"}]},{\"@type\":\"WebSite\",\"@id\":\"https:\\\/\\\/secutron.com\\\/#website\",\"url\":\"https:\\\/\\\/secutron.com\\\/\",\"name\":\"Secutron\",\"description\":\"\",\"potentialAction\":[{\"@type\":\"SearchAction\",\"target\":{\"@type\":\"EntryPoint\",\"urlTemplate\":\"https:\\\/\\\/secutron.com\\\/?s={search_term_string}\"},\"query-input\":{\"@type\":\"PropertyValueSpecification\",\"valueRequired\":true,\"valueName\":\"search_term_string\"}}],\"inLanguage\":\"fr-CA\"}]}<\/script>\n<!-- \/ Yoast SEO plugin. -->","yoast_head_json":{"title":"Tickets de support - Secutron","description":"Acc\u00e9dez \u00e0 des ressources utiles, obtenez de l'aide et contactez-nous chez Secutron. Soumettre un ticket d'assistance pour obtenir de l'aide.","robots":{"index":"index","follow":"follow","max-snippet":"max-snippet:-1","max-image-preview":"max-image-preview:large","max-video-preview":"max-video-preview:-1"},"canonical":"https:\/\/secutron.com\/fr\/support\/support-tickets\/","og_locale":"fr_CA","og_type":"article","og_title":"Support Tickets - Secutron","og_description":"Access useful resources, get support, and reach out to us at Secutron. Submit a support ticket for assistance.","og_url":"https:\/\/secutron.com\/fr\/support\/support-tickets\/","og_site_name":"Secutron","article_modified_time":"2024-07-18T20:19:53+00:00","twitter_card":"summary_large_image","twitter_misc":{"Estimation du temps de lecture":"1 minute"},"schema":{"@context":"https:\/\/schema.org","@graph":[{"@type":"WebPage","@id":"https:\/\/secutron.com\/support\/support-tickets\/","url":"https:\/\/secutron.com\/support\/support-tickets\/","name":"Tickets de support - Secutron","isPartOf":{"@id":"https:\/\/secutron.com\/#website"},"datePublished":"2019-07-31T15:01:13+00:00","dateModified":"2024-07-18T20:19:53+00:00","description":"Acc\u00e9dez \u00e0 des ressources utiles, obtenez de l'aide et contactez-nous chez Secutron. Soumettre un ticket d'assistance pour obtenir de l'aide.","breadcrumb":{"@id":"https:\/\/secutron.com\/support\/support-tickets\/#breadcrumb"},"inLanguage":"fr-CA","potentialAction":[{"@type":"ReadAction","target":["https:\/\/secutron.com\/support\/support-tickets\/"]}]},{"@type":"BreadcrumbList","@id":"https:\/\/secutron.com\/support\/support-tickets\/#breadcrumb","itemListElement":[{"@type":"ListItem","position":1,"name":"Home","item":"https:\/\/secutron.com\/"},{"@type":"ListItem","position":2,"name":"Support","item":"https:\/\/secutron.com\/support\/"},{"@type":"ListItem","position":3,"name":"Support Tickets"}]},{"@type":"WebSite","@id":"https:\/\/secutron.com\/#website","url":"https:\/\/secutron.com\/","name":"Secutron","description":"","potentialAction":[{"@type":"SearchAction","target":{"@type":"EntryPoint","urlTemplate":"https:\/\/secutron.com\/?s={search_term_string}"},"query-input":{"@type":"PropertyValueSpecification","valueRequired":true,"valueName":"search_term_string"}}],"inLanguage":"fr-CA"}]}},"_links":{"self":[{"href":"https:\/\/secutron.com\/fr\/wp-json\/wp\/v2\/pages\/595","targetHints":{"allow":["GET"]}}],"collection":[{"href":"https:\/\/secutron.com\/fr\/wp-json\/wp\/v2\/pages"}],"about":[{"href":"https:\/\/secutron.com\/fr\/wp-json\/wp\/v2\/types\/page"}],"author":[{"embeddable":true,"href":"https:\/\/secutron.com\/fr\/wp-json\/wp\/v2\/users\/1"}],"replies":[{"embeddable":true,"href":"https:\/\/secutron.com\/fr\/wp-json\/wp\/v2\/comments?post=595"}],"version-history":[{"count":44,"href":"https:\/\/secutron.com\/fr\/wp-json\/wp\/v2\/pages\/595\/revisions"}],"predecessor-version":[{"id":3545,"href":"https:\/\/secutron.com\/fr\/wp-json\/wp\/v2\/pages\/595\/revisions\/3545"}],"up":[{"embeddable":true,"href":"https:\/\/secutron.com\/fr\/wp-json\/wp\/v2\/pages\/592"}],"wp:attachment":[{"href":"https:\/\/secutron.com\/fr\/wp-json\/wp\/v2\/media?parent=595"}],"curies":[{"name":"wp","href":"https:\/\/api.w.org\/{rel}","templated":true}]}}