{"id":444,"date":"2019-07-24T19:08:01","date_gmt":"2019-07-24T23:08:01","guid":{"rendered":"http:\/\/dev.secutron.com\/?page_id=444"},"modified":"2024-08-21T11:07:33","modified_gmt":"2024-08-21T15:07:33","slug":"canada","status":"publish","type":"page","link":"https:\/\/secutron.com\/fr\/","title":{"rendered":"ACCUEIL"},"content":{"rendered":"<div data-elementor-type=\"wp-page\" data-elementor-id=\"444\" class=\"elementor elementor-444\" data-elementor-post-type=\"page\">\n\t\t\t\t\t\t<section data-dce-background-color=\"#FFFFFF\" data-dce-background-overlay-color=\"#000000\" data-dce-background-image-url=\"https:\/\/secutron.com\/wp-content\/uploads\/patrick-tomasso-gMes5dNykus-unsplash.jpg\" class=\"elementor-section elementor-top-section elementor-element elementor-element-48880ba elementor-section-height-min-height elementor-section-boxed elementor-section-height-default elementor-section-items-middle\" data-id=\"48880ba\" data-element_type=\"section\" data-e-type=\"section\" data-settings=\"{&quot;background_background&quot;:&quot;classic&quot;}\">\n\t\t\t\t\t\t\t<div class=\"elementor-background-overlay\"><\/div>\n\t\t\t\t\t\t\t<div class=\"elementor-container elementor-column-gap-default\">\n\t\t\t\t\t<div data-dce-background-color=\"#FFFFFF\" class=\"elementor-column elementor-col-50 elementor-top-column elementor-element elementor-element-b5353f2\" data-id=\"b5353f2\" data-element_type=\"column\" data-e-type=\"column\" data-settings=\"{&quot;background_background&quot;:&quot;classic&quot;}\">\n\t\t\t<div class=\"elementor-widget-wrap elementor-element-populated\">\n\t\t\t\t\t\t<div class=\"elementor-element elementor-element-8f83855 elementor-widget elementor-widget-heading\" data-id=\"8f83855\" data-element_type=\"widget\" data-e-type=\"widget\" data-widget_type=\"heading.default\">\n\t\t\t\t<div class=\"elementor-widget-container\">\n\t\t\t\t\t<h1 class=\"elementor-heading-title elementor-size-default\">D\u00c9TECTION D'INCENDIE DE CONFIANCE &amp;\n<\/h1>\t\t\t\t<\/div>\n\t\t\t\t<\/div>\n\t\t\t\t<div data-dce-title-color=\"#D62025\" class=\"elementor-element elementor-element-1462e5a elementor-widget elementor-widget-heading\" data-id=\"1462e5a\" data-element_type=\"widget\" data-e-type=\"widget\" data-widget_type=\"heading.default\">\n\t\t\t\t<div class=\"elementor-widget-container\">\n\t\t\t\t\t<h2 class=\"elementor-heading-title elementor-size-default\">SYST\u00c8MES DE S\u00c9CURIT\u00c9 DES PERSONNES<\/h2>\t\t\t\t<\/div>\n\t\t\t\t<\/div>\n\t\t\t\t<div class=\"elementor-element elementor-element-73c0b1d elementor-widget elementor-widget-text-editor\" data-id=\"73c0b1d\" data-element_type=\"widget\" data-e-type=\"widget\" data-widget_type=\"text-editor.default\">\n\t\t\t\t<div class=\"elementor-widget-container\">\n\t\t\t\t\t\t\t\t\t<p>LES CLIENTS DU MONDE ENTIER FONT CONFIANCE \u00c0 LA GAMME COMPL\u00c8TE DE PRODUITS TECHNOLOGIQUEMENT ROBUSTES DE SECUTRON POUR PROT\u00c9GER CE QUI COMPTE LE PLUS.<\/p>\t\t\t\t\t\t\t\t<\/div>\n\t\t\t\t<\/div>\n\t\t\t\t<div class=\"elementor-element elementor-element-fbe4c88 elementor-mobile-align-center elementor-align-left elementor-widget__width-initial elementor-widget elementor-widget-button\" data-id=\"fbe4c88\" data-element_type=\"widget\" data-e-type=\"widget\" data-widget_type=\"button.default\">\n\t\t\t\t<div class=\"elementor-widget-container\">\n\t\t\t\t\t\t\t\t\t<div class=\"elementor-button-wrapper\">\n\t\t\t\t\t<a class=\"elementor-button elementor-button-link elementor-size-sm\" href=\"\/products-listing\">\n\t\t\t\t\t\t<span class=\"elementor-button-content-wrapper\">\n\t\t\t\t\t\t\t\t\t<span class=\"elementor-button-text\">D\u00c9COUVREZ NOS SOLUTIONS<\/span>\n\t\t\t\t\t<\/span>\n\t\t\t\t\t<\/a>\n\t\t\t\t<\/div>\n\t\t\t\t\t\t\t\t<\/div>\n\t\t\t\t<\/div>\n\t\t\t\t\t<\/div>\n\t\t<\/div>\n\t\t\t\t<div class=\"elementor-column elementor-col-50 elementor-top-column elementor-element elementor-element-57b1ead elementor-hidden-phone\" data-id=\"57b1ead\" data-element_type=\"column\" data-e-type=\"column\">\n\t\t\t<div class=\"elementor-widget-wrap\">\n\t\t\t\t\t\t\t<\/div>\n\t\t<\/div>\n\t\t\t\t\t<\/div>\n\t\t<\/section>\n\t\t\t\t<section class=\"elementor-section elementor-top-section elementor-element elementor-element-be3d444 elementor-section-boxed elementor-section-height-default elementor-section-height-default\" data-id=\"be3d444\" data-element_type=\"section\" data-e-type=\"section\">\n\t\t\t\t\t\t<div class=\"elementor-container elementor-column-gap-default\">\n\t\t\t\t\t<div class=\"elementor-column elementor-col-50 elementor-top-column elementor-element elementor-element-dc0df1f\" data-id=\"dc0df1f\" data-element_type=\"column\" data-e-type=\"column\">\n\t\t\t<div class=\"elementor-widget-wrap elementor-element-populated\">\n\t\t\t\t\t\t<div class=\"elementor-element elementor-element-e51b433 elementor-widget elementor-widget-heading\" data-id=\"e51b433\" data-element_type=\"widget\" data-e-type=\"widget\" data-widget_type=\"heading.default\">\n\t\t\t\t<div class=\"elementor-widget-container\">\n\t\t\t\t\t<h2 class=\"elementor-heading-title elementor-size-default\">NOUS SOMMES SECUTRON<\/h2>\t\t\t\t<\/div>\n\t\t\t\t<\/div>\n\t\t\t\t<div data-dce-text-color=\"#5F6062\" class=\"elementor-element elementor-element-e1c8249 elementor-widget elementor-widget-text-editor\" data-id=\"e1c8249\" data-element_type=\"widget\" data-e-type=\"widget\" data-widget_type=\"text-editor.default\">\n\t\t\t\t<div class=\"elementor-widget-container\">\n\t\t\t\t\t\t\t\t\t<p>Cr\u00e9\u00e9s en 1973, les produits Secutron sont con\u00e7us et fabriqu\u00e9s par le groupe de soci\u00e9t\u00e9s Mircom, le plus grand fabricant ind\u00e9pendant de syst\u00e8mes d'alarme incendie en Am\u00e9rique du Nord. Les produits Secutron de protection contre l'incendie et de s\u00e9curit\u00e9 des personnes sont export\u00e9s dans le monde entier par l'interm\u00e9diaire de partenaires de distribution aux \u00c9tats-Unis, au Canada, en Am\u00e9rique latine, en Inde, au Moyen-Orient et en Asie du Sud-Est. Depuis plus de 50 ans, Secutron fournit au march\u00e9 des solutions anti-incendie technologiquement robustes et fiables. Notre derni\u00e8re g\u00e9n\u00e9ration de produits comprend une gamme compl\u00e8te de panneaux de d\u00e9tection d'incendie, de lib\u00e9ration et audio, de d\u00e9tection de fum\u00e9e et de dispositifs de notification, ainsi qu'une large gamme d'accessoires, tous fabriqu\u00e9s en interne dans nos installations de fabrication de classe mondiale de 177 000 pieds carr\u00e9s au Canada.<\/p>\t\t\t\t\t\t\t\t<\/div>\n\t\t\t\t<\/div>\n\t\t\t\t<div data-dce-title-color=\"#54595F\" class=\"elementor-element elementor-element-c4d2864 elementor-widget elementor-widget-heading\" data-id=\"c4d2864\" data-element_type=\"widget\" data-e-type=\"widget\" data-widget_type=\"heading.default\">\n\t\t\t\t<div class=\"elementor-widget-container\">\n\t\t\t\t\t<h4 class=\"elementor-heading-title elementor-size-default\">Fabriqu\u00e9 en Am\u00e9rique du Nord selon des normes de classe mondiale.<\/h4>\t\t\t\t<\/div>\n\t\t\t\t<\/div>\n\t\t\t\t\t<\/div>\n\t\t<\/div>\n\t\t\t\t<div class=\"elementor-column elementor-col-50 elementor-top-column elementor-element elementor-element-8e7979d\" data-id=\"8e7979d\" data-element_type=\"column\" data-e-type=\"column\">\n\t\t\t<div class=\"elementor-widget-wrap elementor-element-populated\">\n\t\t\t\t\t\t<div class=\"elementor-element elementor-element-8362b0a elementor-widget-mobile__width-auto dce_masking-none elementor-widget elementor-widget-image\" data-id=\"8362b0a\" data-element_type=\"widget\" data-e-type=\"widget\" data-widget_type=\"image.default\">\n\t\t\t\t<div class=\"elementor-widget-container\">\n\t\t\t\t\t\t\t\t\t\t\t\t\t\t\t<img decoding=\"async\" width=\"163\" height=\"163\" src=\"https:\/\/secutron.com\/wp-content\/uploads\/home_ul-listed.png\" class=\"attachment-full size-full wp-image-766\" alt=\"Secutron UL Listed\" srcset=\"https:\/\/secutron.com\/wp-content\/uploads\/home_ul-listed.png 163w, https:\/\/secutron.com\/wp-content\/uploads\/home_ul-listed-150x150.png 150w, https:\/\/secutron.com\/wp-content\/uploads\/home_ul-listed-80x80.png 80w, https:\/\/secutron.com\/wp-content\/uploads\/home_ul-listed-100x100.png 100w\" sizes=\"(max-width: 163px) 100vw, 163px\" \/>\t\t\t\t\t\t\t\t\t\t\t\t\t\t\t<\/div>\n\t\t\t\t<\/div>\n\t\t\t\t<div class=\"elementor-element elementor-element-9db6a4f elementor-widget-mobile__width-auto dce_masking-none elementor-widget elementor-widget-image\" data-id=\"9db6a4f\" data-element_type=\"widget\" data-e-type=\"widget\" data-widget_type=\"image.default\">\n\t\t\t\t<div class=\"elementor-widget-container\">\n\t\t\t\t\t\t\t\t\t\t\t\t\t\t\t<img decoding=\"async\" width=\"163\" height=\"163\" src=\"https:\/\/secutron.com\/wp-content\/uploads\/home_iso_listed.png\" class=\"attachment-full size-full wp-image-765\" alt=\"Secutron ISO Certified\" srcset=\"https:\/\/secutron.com\/wp-content\/uploads\/home_iso_listed.png 163w, https:\/\/secutron.com\/wp-content\/uploads\/home_iso_listed-150x150.png 150w, https:\/\/secutron.com\/wp-content\/uploads\/home_iso_listed-80x80.png 80w, https:\/\/secutron.com\/wp-content\/uploads\/home_iso_listed-100x100.png 100w\" sizes=\"(max-width: 163px) 100vw, 163px\" \/>\t\t\t\t\t\t\t\t\t\t\t\t\t\t\t<\/div>\n\t\t\t\t<\/div>\n\t\t\t\t<div class=\"elementor-element elementor-element-631c886 elementor-widget-mobile__width-auto dce_masking-none elementor-widget elementor-widget-image\" data-id=\"631c886\" data-element_type=\"widget\" data-e-type=\"widget\" data-widget_type=\"image.default\">\n\t\t\t\t<div class=\"elementor-widget-container\">\n\t\t\t\t\t\t\t\t\t\t\t\t\t\t\t<img decoding=\"async\" width=\"163\" height=\"163\" src=\"https:\/\/secutron.com\/wp-content\/uploads\/home_fm-approved.png\" class=\"attachment-full size-full wp-image-764\" alt=\"Secutron FM Approved\" srcset=\"https:\/\/secutron.com\/wp-content\/uploads\/home_fm-approved.png 163w, https:\/\/secutron.com\/wp-content\/uploads\/home_fm-approved-150x150.png 150w, https:\/\/secutron.com\/wp-content\/uploads\/home_fm-approved-80x80.png 80w, https:\/\/secutron.com\/wp-content\/uploads\/home_fm-approved-100x100.png 100w\" sizes=\"(max-width: 163px) 100vw, 163px\" \/>\t\t\t\t\t\t\t\t\t\t\t\t\t\t\t<\/div>\n\t\t\t\t<\/div>\n\t\t\t\t\t<\/div>\n\t\t<\/div>\n\t\t\t\t\t<\/div>\n\t\t<\/section>\n\t\t\t\t<section class=\"elementor-section elementor-top-section elementor-element elementor-element-58e3018 elementor-section-boxed elementor-section-height-default elementor-section-height-default\" data-id=\"58e3018\" data-element_type=\"section\" data-e-type=\"section\">\n\t\t\t\t\t\t<div class=\"elementor-container elementor-column-gap-default\">\n\t\t\t\t\t<div class=\"elementor-column elementor-col-100 elementor-top-column elementor-element elementor-element-fbeeb3b\" data-id=\"fbeeb3b\" data-element_type=\"column\" data-e-type=\"column\">\n\t\t\t<div class=\"elementor-widget-wrap elementor-element-populated\">\n\t\t\t\t\t\t<div class=\"elementor-element elementor-element-06143ec elementor-widget elementor-widget-heading\" data-id=\"06143ec\" data-element_type=\"widget\" data-e-type=\"widget\" data-widget_type=\"heading.default\">\n\t\t\t\t<div class=\"elementor-widget-container\">\n\t\t\t\t\t<h2 class=\"elementor-heading-title elementor-size-default\">PRODUITS VEDETTES<\/h2>\t\t\t\t<\/div>\n\t\t\t\t<\/div>\n\t\t\t\t<div class=\"elementor-element elementor-element-ecf5ce9 elementor-product-loop-item--align-center elementor-grid-mobile-2 elementor-grid-4 elementor-grid-tablet-3 elementor-products-grid elementor-wc-products elementor-widget elementor-widget-woocommerce-products\" data-id=\"ecf5ce9\" data-element_type=\"widget\" data-e-type=\"widget\" data-widget_type=\"woocommerce-products.default\">\n\t\t\t\t<div class=\"elementor-widget-container\">\n\t\t\t\t\t<div class=\"woocommerce columns-4\"><ul class=\"products elementor-grid columns-4\">\n<li class=\"product type-product post-3641 status-publish first instock product_cat-400-series product_cat-notification-appliances has-post-thumbnail shipping-taxable product-type-simple\">\n\t<a href=\"https:\/\/secutron.com\/fr\/products\/fh-400-lf-low-frequency-sounders\/\" class=\"woocommerce-LoopProduct-link woocommerce-loop-product__link\"><img loading=\"lazy\" decoding=\"async\" width=\"300\" height=\"300\" src=\"https:\/\/secutron.com\/wp-content\/uploads\/products\/FH-400-LF-WW-front_sm-300x300.jpg\" class=\"attachment-woocommerce_thumbnail size-woocommerce_thumbnail\" alt=\"A white square sounder with a white background, symbolizing the MGC FH-400-LF Low Frequency Sounder designed for effective emergency alarms\" srcset=\"https:\/\/secutron.com\/wp-content\/uploads\/products\/FH-400-LF-WW-front_sm-300x300.jpg 300w, https:\/\/secutron.com\/wp-content\/uploads\/products\/FH-400-LF-WW-front_sm-150x150.jpg 150w, https:\/\/secutron.com\/wp-content\/uploads\/products\/FH-400-LF-WW-front_sm-768x768.jpg 768w, https:\/\/secutron.com\/wp-content\/uploads\/products\/FH-400-LF-WW-front_sm-600x600.jpg 600w, https:\/\/secutron.com\/wp-content\/uploads\/products\/FH-400-LF-WW-front_sm-100x100.jpg 100w, https:\/\/secutron.com\/wp-content\/uploads\/products\/FH-400-LF-WW-front_sm.jpg 900w\" sizes=\"(max-width: 300px) 100vw, 300px\" \/><h2 class=\"woocommerce-loop-product__title\">Sondeurs basse fr\u00e9quence FH-400-LF<\/h2>\n<\/a><a href=\"https:\/\/secutron.com\/fr\/products\/fh-400-lf-low-frequency-sounders\/\" aria-describedby=\"woocommerce_loop_add_to_cart_link_describedby_3641\" data-quantity=\"1\" class=\"button product_type_simple\" data-product_id=\"3641\" data-product_sku=\"\" aria-label=\"En savoir plus sur &quot;FH-400-LF Low Frequency Sounders&quot;\" rel=\"nofollow\" data-success_message=\"\" data-no-translation=\"\" data-trp-gettext=\"\" data-no-translation-aria-label=\"\">En savoir plus<\/a>\t<span id=\"woocommerce_loop_add_to_cart_link_describedby_3641\" class=\"screen-reader-text\">\n\t\t\t<\/span>\n<\/li>\n<li class=\"product type-product post-3650 status-publish instock product_cat-400-series product_cat-notification-appliances has-post-thumbnail shipping-taxable product-type-simple\">\n\t<a href=\"https:\/\/secutron.com\/fr\/products\/fhs-400-lf-low-frequency-sounder-strobe\/\" class=\"woocommerce-LoopProduct-link woocommerce-loop-product__link\"><img loading=\"lazy\" decoding=\"async\" width=\"300\" height=\"300\" src=\"https:\/\/secutron.com\/wp-content\/uploads\/products\/FHS-400-LF-WW-front_sm-300x300.jpg\" class=\"attachment-woocommerce_thumbnail size-woocommerce_thumbnail\" alt=\"Low-frequency sounder strobe in white, set against a white background, compliant with NFPA 72 for effective emergency alerts.\" srcset=\"https:\/\/secutron.com\/wp-content\/uploads\/products\/FHS-400-LF-WW-front_sm-300x300.jpg 300w, https:\/\/secutron.com\/wp-content\/uploads\/products\/FHS-400-LF-WW-front_sm-150x150.jpg 150w, https:\/\/secutron.com\/wp-content\/uploads\/products\/FHS-400-LF-WW-front_sm-768x768.jpg 768w, https:\/\/secutron.com\/wp-content\/uploads\/products\/FHS-400-LF-WW-front_sm-600x600.jpg 600w, https:\/\/secutron.com\/wp-content\/uploads\/products\/FHS-400-LF-WW-front_sm-100x100.jpg 100w, https:\/\/secutron.com\/wp-content\/uploads\/products\/FHS-400-LF-WW-front_sm.jpg 900w\" sizes=\"(max-width: 300px) 100vw, 300px\" \/><h2 class=\"woocommerce-loop-product__title\">FHS-400-LF Sondeur basse fr\u00e9quence stroboscopique<\/h2>\n<\/a><a href=\"https:\/\/secutron.com\/fr\/products\/fhs-400-lf-low-frequency-sounder-strobe\/\" aria-describedby=\"woocommerce_loop_add_to_cart_link_describedby_3650\" data-quantity=\"1\" class=\"button product_type_simple\" data-product_id=\"3650\" data-product_sku=\"\" aria-label=\"En savoir plus sur &quot;FHS-400-LF Low Frequency Sounder Strobe&quot;\" rel=\"nofollow\" data-success_message=\"\" data-no-translation=\"\" data-trp-gettext=\"\" data-no-translation-aria-label=\"\">En savoir plus<\/a>\t<span id=\"woocommerce_loop_add_to_cart_link_describedby_3650\" class=\"screen-reader-text\">\n\t\t\t<\/span>\n<\/li>\n<li class=\"product type-product post-2848 status-publish instock product_cat-addressable-fire-alarm-systems has-post-thumbnail shipping-taxable product-type-simple\">\n\t<a href=\"https:\/\/secutron.com\/fr\/products\/mr-400rp\/\" class=\"woocommerce-LoopProduct-link woocommerce-loop-product__link\"><img loading=\"lazy\" decoding=\"async\" width=\"300\" height=\"300\" src=\"https:\/\/secutron.com\/wp-content\/uploads\/products\/MR-400R_front_sm-300x300.jpg\" class=\"attachment-woocommerce_thumbnail size-woocommerce_thumbnail\" alt=\"MR-400RP\" srcset=\"https:\/\/secutron.com\/wp-content\/uploads\/products\/MR-400R_front_sm-300x300.jpg 300w, https:\/\/secutron.com\/wp-content\/uploads\/products\/MR-400R_front_sm-150x150.jpg 150w, https:\/\/secutron.com\/wp-content\/uploads\/products\/MR-400R_front_sm-768x768.jpg 768w, https:\/\/secutron.com\/wp-content\/uploads\/products\/MR-400R_front_sm-600x600.jpg 600w, https:\/\/secutron.com\/wp-content\/uploads\/products\/MR-400R_front_sm-100x100.jpg 100w, https:\/\/secutron.com\/wp-content\/uploads\/products\/MR-400R_front_sm.jpg 900w\" sizes=\"(max-width: 300px) 100vw, 300px\" \/><h2 class=\"woocommerce-loop-product__title\">MR-400RP<\/h2>\n<\/a><a href=\"https:\/\/secutron.com\/fr\/products\/mr-400rp\/\" aria-describedby=\"woocommerce_loop_add_to_cart_link_describedby_2848\" data-quantity=\"1\" class=\"button product_type_simple\" data-product_id=\"2848\" data-product_sku=\"\" aria-label=\"En savoir plus sur &quot;MR-400RP&quot;\" rel=\"nofollow\" data-success_message=\"\" data-no-translation=\"\" data-trp-gettext=\"\" data-no-translation-aria-label=\"\">En savoir plus<\/a>\t<span id=\"woocommerce_loop_add_to_cart_link_describedby_2848\" class=\"screen-reader-text\">\n\t\t\t<\/span>\n<\/li>\n<\/ul>\n<\/div>\t\t\t\t<\/div>\n\t\t\t\t<\/div>\n\t\t\t\t<div class=\"elementor-element elementor-element-a1e2948 elementor-align-center elementor-widget elementor-widget-button\" data-id=\"a1e2948\" data-element_type=\"widget\" data-e-type=\"widget\" data-widget_type=\"button.default\">\n\t\t\t\t<div class=\"elementor-widget-container\">\n\t\t\t\t\t\t\t\t\t<div class=\"elementor-button-wrapper\">\n\t\t\t\t\t<a class=\"elementor-button elementor-button-link elementor-size-md\" href=\"\/products-listing\/\">\n\t\t\t\t\t\t<span class=\"elementor-button-content-wrapper\">\n\t\t\t\t\t\t\t\t\t<span class=\"elementor-button-text\">VOIR TOUS LES PRODUITS<\/span>\n\t\t\t\t\t<\/span>\n\t\t\t\t\t<\/a>\n\t\t\t\t<\/div>\n\t\t\t\t\t\t\t\t<\/div>\n\t\t\t\t<\/div>\n\t\t\t\t\t<\/div>\n\t\t<\/div>\n\t\t\t\t\t<\/div>\n\t\t<\/section>\n\t\t\t\t<\/div>","protected":false},"excerpt":{"rendered":"<p>TRUSTED FIRE DETECTION &amp; LIFE SAFETY SYSTEMS SECUTRON&#8217;S COMPLETE RANGE OF TECHNOLOGICALLY ROBUST PRODUCTS ARE TRUSTED BY CUSTOMERS WORLDWIDE TO SAFEGUARD WHAT MATTERS MOST. EXPLORE OUR SOLUTIONS WE ARE SECUTRON Established in 1973, Secutron products are engineered and manufactured by the Mircom Group of Companies, the largest independent fire alarm manufacturer in North America. Secutron [&hellip;]<\/p>\n","protected":false},"author":1,"featured_media":0,"parent":0,"menu_order":0,"comment_status":"closed","ping_status":"closed","template":"","meta":{"_acf_changed":false,"om_disable_all_campaigns":false,"_monsterinsights_skip_tracking":false,"_monsterinsights_sitenote_active":false,"_monsterinsights_sitenote_note":"","_monsterinsights_sitenote_category":0,"footnotes":""},"class_list":["post-444","page","type-page","status-publish","hentry"],"acf":[],"yoast_head":"<!-- This site is optimized with the Yoast SEO plugin v27.6 - https:\/\/yoast.com\/product\/yoast-seo-wordpress\/ -->\n<title>Secutron<\/title>\n<meta name=\"description\" content=\"Secutron: Delivering reliable fire solutions for over 50 years. Explore our full suite of fire detection, releasing, smoke detection and more\" \/>\n<meta name=\"robots\" content=\"index, follow, max-snippet:-1, max-image-preview:large, max-video-preview:-1\" \/>\n<link rel=\"canonical\" href=\"https:\/\/secutron.com\/fr\/\" \/>\n<meta property=\"og:locale\" content=\"fr_CA\" \/>\n<meta property=\"og:type\" content=\"article\" \/>\n<meta property=\"og:title\" content=\"Secutron\" \/>\n<meta property=\"og:description\" content=\"Secutron: Delivering reliable fire solutions for over 50 years. Explore our full suite of fire detection, releasing, smoke detection and more\" \/>\n<meta property=\"og:url\" content=\"https:\/\/secutron.com\/fr\/\" \/>\n<meta property=\"og:site_name\" content=\"Secutron\" \/>\n<meta property=\"article:modified_time\" content=\"2024-08-21T15:07:33+00:00\" \/>\n<meta property=\"og:image\" content=\"https:\/\/secutron.com\/wp-content\/uploads\/home_ul-listed.png\" \/>\n<meta name=\"twitter:card\" content=\"summary_large_image\" \/>\n<meta name=\"twitter:label1\" content=\"Estimation du temps de lecture\" \/>\n\t<meta name=\"twitter:data1\" content=\"2 minutes\" \/>\n<script type=\"application\/ld+json\" class=\"yoast-schema-graph\">{\"@context\":\"https:\\\/\\\/schema.org\",\"@graph\":[{\"@type\":\"WebPage\",\"@id\":\"https:\\\/\\\/secutron.com\\\/\",\"url\":\"https:\\\/\\\/secutron.com\\\/\",\"name\":\"Secutron\",\"isPartOf\":{\"@id\":\"https:\\\/\\\/secutron.com\\\/#website\"},\"primaryImageOfPage\":{\"@id\":\"https:\\\/\\\/secutron.com\\\/#primaryimage\"},\"image\":{\"@id\":\"https:\\\/\\\/secutron.com\\\/#primaryimage\"},\"thumbnailUrl\":\"http:\\\/\\\/secutron.com\\\/wp-content\\\/uploads\\\/home_ul-listed.png\",\"datePublished\":\"2019-07-24T23:08:01+00:00\",\"dateModified\":\"2024-08-21T15:07:33+00:00\",\"description\":\"Secutron: Delivering reliable fire solutions for over 50 years. Explore our full suite of fire detection, releasing, smoke detection and more\",\"breadcrumb\":{\"@id\":\"https:\\\/\\\/secutron.com\\\/#breadcrumb\"},\"inLanguage\":\"fr-CA\",\"potentialAction\":[{\"@type\":\"ReadAction\",\"target\":[\"https:\\\/\\\/secutron.com\\\/\"]}]},{\"@type\":\"ImageObject\",\"inLanguage\":\"fr-CA\",\"@id\":\"https:\\\/\\\/secutron.com\\\/#primaryimage\",\"url\":\"http:\\\/\\\/secutron.com\\\/wp-content\\\/uploads\\\/home_ul-listed.png\",\"contentUrl\":\"http:\\\/\\\/secutron.com\\\/wp-content\\\/uploads\\\/home_ul-listed.png\"},{\"@type\":\"BreadcrumbList\",\"@id\":\"https:\\\/\\\/secutron.com\\\/#breadcrumb\",\"itemListElement\":[{\"@type\":\"ListItem\",\"position\":1,\"name\":\"Home\",\"item\":\"https:\\\/\\\/secutron.com\\\/\"},{\"@type\":\"ListItem\",\"position\":2,\"name\":\"HOME\"}]},{\"@type\":\"WebSite\",\"@id\":\"https:\\\/\\\/secutron.com\\\/#website\",\"url\":\"https:\\\/\\\/secutron.com\\\/\",\"name\":\"Secutron\",\"description\":\"\",\"potentialAction\":[{\"@type\":\"SearchAction\",\"target\":{\"@type\":\"EntryPoint\",\"urlTemplate\":\"https:\\\/\\\/secutron.com\\\/?s={search_term_string}\"},\"query-input\":{\"@type\":\"PropertyValueSpecification\",\"valueRequired\":true,\"valueName\":\"search_term_string\"}}],\"inLanguage\":\"fr-CA\"}]}<\/script>\n<!-- \/ Yoast SEO plugin. -->","yoast_head_json":{"title":"Secutron","description":"Secutron : Depuis plus de 50 ans, Secutron fournit des solutions fiables en mati\u00e8re de lutte contre l'incendie. D\u00e9couvrez notre gamme compl\u00e8te de produits de d\u00e9tection d'incendie, de d\u00e9clenchement, de d\u00e9tection de fum\u00e9e et plus encore.","robots":{"index":"index","follow":"follow","max-snippet":"max-snippet:-1","max-image-preview":"max-image-preview:large","max-video-preview":"max-video-preview:-1"},"canonical":"https:\/\/secutron.com\/fr\/","og_locale":"fr_CA","og_type":"article","og_title":"Secutron","og_description":"Secutron: Delivering reliable fire solutions for over 50 years. Explore our full suite of fire detection, releasing, smoke detection and more","og_url":"https:\/\/secutron.com\/fr\/","og_site_name":"Secutron","article_modified_time":"2024-08-21T15:07:33+00:00","og_image":[{"url":"https:\/\/secutron.com\/wp-content\/uploads\/home_ul-listed.png","type":"","width":"","height":""}],"twitter_card":"summary_large_image","twitter_misc":{"Estimation du temps de lecture":"2 minutes"},"schema":{"@context":"https:\/\/schema.org","@graph":[{"@type":"WebPage","@id":"https:\/\/secutron.com\/","url":"https:\/\/secutron.com\/","name":"Secutron","isPartOf":{"@id":"https:\/\/secutron.com\/#website"},"primaryImageOfPage":{"@id":"https:\/\/secutron.com\/#primaryimage"},"image":{"@id":"https:\/\/secutron.com\/#primaryimage"},"thumbnailUrl":"https:\/\/secutron.com\/wp-content\/uploads\/home_ul-listed.png","datePublished":"2019-07-24T23:08:01+00:00","dateModified":"2024-08-21T15:07:33+00:00","description":"Secutron : Depuis plus de 50 ans, Secutron fournit des solutions fiables en mati\u00e8re de lutte contre l'incendie. D\u00e9couvrez notre gamme compl\u00e8te de produits de d\u00e9tection d'incendie, de d\u00e9clenchement, de d\u00e9tection de fum\u00e9e et plus encore.","breadcrumb":{"@id":"https:\/\/secutron.com\/#breadcrumb"},"inLanguage":"fr-CA","potentialAction":[{"@type":"ReadAction","target":["https:\/\/secutron.com\/"]}]},{"@type":"ImageObject","inLanguage":"fr-CA","@id":"https:\/\/secutron.com\/#primaryimage","url":"https:\/\/secutron.com\/wp-content\/uploads\/home_ul-listed.png","contentUrl":"https:\/\/secutron.com\/wp-content\/uploads\/home_ul-listed.png"},{"@type":"BreadcrumbList","@id":"https:\/\/secutron.com\/#breadcrumb","itemListElement":[{"@type":"ListItem","position":1,"name":"Home","item":"https:\/\/secutron.com\/"},{"@type":"ListItem","position":2,"name":"HOME"}]},{"@type":"WebSite","@id":"https:\/\/secutron.com\/#website","url":"https:\/\/secutron.com\/","name":"Secutron","description":"","potentialAction":[{"@type":"SearchAction","target":{"@type":"EntryPoint","urlTemplate":"https:\/\/secutron.com\/?s={search_term_string}"},"query-input":{"@type":"PropertyValueSpecification","valueRequired":true,"valueName":"search_term_string"}}],"inLanguage":"fr-CA"}]}},"_links":{"self":[{"href":"https:\/\/secutron.com\/fr\/wp-json\/wp\/v2\/pages\/444","targetHints":{"allow":["GET"]}}],"collection":[{"href":"https:\/\/secutron.com\/fr\/wp-json\/wp\/v2\/pages"}],"about":[{"href":"https:\/\/secutron.com\/fr\/wp-json\/wp\/v2\/types\/page"}],"author":[{"embeddable":true,"href":"https:\/\/secutron.com\/fr\/wp-json\/wp\/v2\/users\/1"}],"replies":[{"embeddable":true,"href":"https:\/\/secutron.com\/fr\/wp-json\/wp\/v2\/comments?post=444"}],"version-history":[{"count":132,"href":"https:\/\/secutron.com\/fr\/wp-json\/wp\/v2\/pages\/444\/revisions"}],"predecessor-version":[{"id":3693,"href":"https:\/\/secutron.com\/fr\/wp-json\/wp\/v2\/pages\/444\/revisions\/3693"}],"wp:attachment":[{"href":"https:\/\/secutron.com\/fr\/wp-json\/wp\/v2\/media?parent=444"}],"curies":[{"name":"wp","href":"https:\/\/api.w.org\/{rel}","templated":true}]}}