{"id":3395,"date":"2024-05-09T10:20:08","date_gmt":"2024-05-09T14:20:08","guid":{"rendered":"https:\/\/secutron.com\/?page_id=3395"},"modified":"2026-02-26T17:06:29","modified_gmt":"2026-02-26T22:06:29","slug":"event","status":"publish","type":"page","link":"https:\/\/secutron.com\/fr\/event\/","title":{"rendered":"Ev\u00e9nements"},"content":{"rendered":"<div data-elementor-type=\"wp-page\" data-elementor-id=\"3395\" class=\"elementor elementor-3395\" data-elementor-post-type=\"page\">\n\t\t\t\t\t\t<section data-dce-background-image-url=\"https:\/\/secutron.com\/wp-content\/uploads\/red-pattern-bg.png\" class=\"elementor-section elementor-top-section elementor-element elementor-element-18959da elementor-section-boxed elementor-section-height-default elementor-section-height-default\" data-id=\"18959da\" data-element_type=\"section\" data-e-type=\"section\" data-settings=\"{&quot;background_background&quot;:&quot;classic&quot;}\">\n\t\t\t\t\t\t<div class=\"elementor-container elementor-column-gap-default\">\n\t\t\t\t\t<div class=\"elementor-column elementor-col-100 elementor-top-column elementor-element elementor-element-e4bf1cf\" data-id=\"e4bf1cf\" data-element_type=\"column\" data-e-type=\"column\">\n\t\t\t<div class=\"elementor-widget-wrap elementor-element-populated\">\n\t\t\t\t\t\t<div data-dce-title-color=\"#FFFFFF\" class=\"elementor-element elementor-element-a2a296b elementor-widget elementor-widget-heading\" data-id=\"a2a296b\" data-element_type=\"widget\" data-e-type=\"widget\" data-widget_type=\"heading.default\">\n\t\t\t\t<div class=\"elementor-widget-container\">\n\t\t\t\t\t<h1 class=\"elementor-heading-title elementor-size-default\">\u00c9V\u00c9NEMENTS<\/h1>\t\t\t\t<\/div>\n\t\t\t\t<\/div>\n\t\t\t\t\t<\/div>\n\t\t<\/div>\n\t\t\t\t\t<\/div>\n\t\t<\/section>\n\t\t<div class=\"elementor-element elementor-element-5cef62b e-flex e-con-boxed e-con e-parent\" data-id=\"5cef62b\" data-element_type=\"container\" data-e-type=\"container\">\n\t\t\t\t\t<div class=\"e-con-inner\">\n\t\t\t\t<div class=\"elementor-element elementor-element-446a6f1 elementor-widget elementor-widget-heading\" data-id=\"446a6f1\" data-element_type=\"widget\" data-e-type=\"widget\" data-widget_type=\"heading.default\">\n\t\t\t\t<div class=\"elementor-widget-container\">\n\t\t\t\t\t<h1 class=\"elementor-heading-title elementor-size-default\">Rejoignez Secutron \u00e0 ces \u00e9v\u00e9nements industriels nationaux<\/h1>\t\t\t\t<\/div>\n\t\t\t\t<\/div>\n\t\t\t\t<div class=\"elementor-element elementor-element-29f4f1f elementor-widget-divider--view-line elementor-widget elementor-widget-divider\" data-id=\"29f4f1f\" data-element_type=\"widget\" data-e-type=\"widget\" data-widget_type=\"divider.default\">\n\t\t\t\t<div class=\"elementor-widget-container\">\n\t\t\t\t\t\t\t<div class=\"elementor-divider\">\n\t\t\t<span class=\"elementor-divider-separator\">\n\t\t\t\t\t\t<\/span>\n\t\t<\/div>\n\t\t\t\t\t\t<\/div>\n\t\t\t\t<\/div>\n\t\t\t\t\t<\/div>\n\t\t\t\t<\/div>\n\t\t<div class=\"elementor-element elementor-element-308275c e-flex e-con-boxed e-con e-parent\" data-id=\"308275c\" data-element_type=\"container\" data-e-type=\"container\">\n\t\t\t\t\t<div class=\"e-con-inner\">\n\t\t\t\t<div class=\"elementor-element elementor-element-8e2d525 elementor-widget elementor-widget-text-editor\" data-id=\"8e2d525\" data-element_type=\"widget\" data-e-type=\"widget\" data-widget_type=\"text-editor.default\">\n\t\t\t\t<div class=\"elementor-widget-container\">\n\t\t\t\t\t\t\t\t\t<p>Nous vous invitons \u00e0 prendre contact avec nous, \u00e0 d\u00e9couvrir les derni\u00e8res innovations et \u00e0 voir comment Secutron fa\u00e7onne l'avenir de la protection contre les incendies et de la technologie de la s\u00e9curit\u00e9.<\/p><p>Les experts de Secutron seront pr\u00e9sents pour pr\u00e9senter nos technologies innovantes et discuter de la mani\u00e8re dont nous pouvons r\u00e9pondre aux besoins de vos projets.<\/p>\t\t\t\t\t\t\t\t<\/div>\n\t\t\t\t<\/div>\n\t\t\t\t<div class=\"elementor-element elementor-element-d72f9e2 elementor-widget elementor-widget-heading\" data-id=\"d72f9e2\" data-element_type=\"widget\" data-e-type=\"widget\" data-widget_type=\"heading.default\">\n\t\t\t\t<div class=\"elementor-widget-container\">\n\t\t\t\t\t<h1 class=\"elementor-heading-title elementor-size-default\">Conf\u00e9rence et exposition ISC West 2026\n<\/h1>\t\t\t\t<\/div>\n\t\t\t\t<\/div>\n\t\t\t\t<div class=\"elementor-element elementor-element-9c59d32 dce_masking-none elementor-widget elementor-widget-image\" data-id=\"9c59d32\" data-element_type=\"widget\" data-e-type=\"widget\" data-widget_type=\"image.default\">\n\t\t\t\t<div class=\"elementor-widget-container\">\n\t\t\t\t\t\t\t\t\t\t\t\t\t\t\t<img fetchpriority=\"high\" decoding=\"async\" width=\"768\" height=\"402\" src=\"https:\/\/secutron.com\/wp-content\/uploads\/Secutron-Event-2026-ISC-West-768x402.png\" class=\"attachment-medium_large size-medium_large wp-image-4184\" alt=\"\" srcset=\"https:\/\/secutron.com\/wp-content\/uploads\/Secutron-Event-2026-ISC-West-768x402.png 768w, https:\/\/secutron.com\/wp-content\/uploads\/Secutron-Event-2026-ISC-West-300x157.png 300w, https:\/\/secutron.com\/wp-content\/uploads\/Secutron-Event-2026-ISC-West-1024x536.png 1024w, https:\/\/secutron.com\/wp-content\/uploads\/Secutron-Event-2026-ISC-West-18x9.png 18w, https:\/\/secutron.com\/wp-content\/uploads\/Secutron-Event-2026-ISC-West-600x314.png 600w, https:\/\/secutron.com\/wp-content\/uploads\/Secutron-Event-2026-ISC-West.png 1200w\" sizes=\"(max-width: 768px) 100vw, 768px\" \/>\t\t\t\t\t\t\t\t\t\t\t\t\t\t\t<\/div>\n\t\t\t\t<\/div>\n\t\t\t\t<div class=\"elementor-element elementor-element-5fd63cc elementor-align-center elementor-widget elementor-widget-button\" data-id=\"5fd63cc\" data-element_type=\"widget\" data-e-type=\"widget\" data-widget_type=\"button.default\">\n\t\t\t\t<div class=\"elementor-widget-container\">\n\t\t\t\t\t\t\t\t\t<div class=\"elementor-button-wrapper\">\n\t\t\t\t\t<a class=\"elementor-button elementor-button-link elementor-size-sm\" href=\"http:\/\/iscwest26.nvytes.co\/iscwest26\/landing\/ISCW26CIP366.html%20\">\n\t\t\t\t\t\t<span class=\"elementor-button-content-wrapper\">\n\t\t\t\t\t\t\t\t\t<span class=\"elementor-button-text\">S'inscrire <\/span>\n\t\t\t\t\t<\/span>\n\t\t\t\t\t<\/a>\n\t\t\t\t<\/div>\n\t\t\t\t\t\t\t\t<\/div>\n\t\t\t\t<\/div>\n\t\t\t\t<div class=\"elementor-element elementor-element-af6b52b elementor-widget elementor-widget-text-editor\" data-id=\"af6b52b\" data-element_type=\"widget\" data-e-type=\"widget\" data-widget_type=\"text-editor.default\">\n\t\t\t\t<div class=\"elementor-widget-container\">\n\t\t\t\t\t\t\t\t\t<p>Rejoignez Secutron \u00e0 l'ISC West et d\u00e9couvrez comment nos produits facilitent et acc\u00e9l\u00e8rent la mise en service de votre installation.<\/p><p>Inscrivez-vous pour obtenir un laissez-passer GRATUIT pour l'exposition (une \u00e9conomie pouvant aller jusqu'\u00e0 $175) et profitez de trois jours remplis d'occasions de r\u00e9seautage, de s\u00e9ances \u00e9ducatives et de nouvelles technologies qui r\u00e9volutionnent l'industrie de la s\u00e9curit\u00e9 incendie et de la s\u00e9curit\u00e9 des personnes. Date limite pour les r\u00e9ductions : 12 mars. Utilisez le code de r\u00e9duction\u00a0<b>ISCW26CIP366\u00a0 <\/b>lors de l'inscription.<\/p>\t\t\t\t\t\t\t\t<\/div>\n\t\t\t\t<\/div>\n\t\t\t\t\t<\/div>\n\t\t\t\t<\/div>\n\t\t<div class=\"elementor-element elementor-element-4549c4e e-flex e-con-boxed e-con e-parent\" data-id=\"4549c4e\" data-element_type=\"container\" data-e-type=\"container\">\n\t\t\t\t\t<div class=\"e-con-inner\">\n\t\t\t\t<div class=\"elementor-element elementor-element-051afd1 elementor-widget elementor-widget-heading\" data-id=\"051afd1\" data-element_type=\"widget\" data-e-type=\"widget\" data-widget_type=\"heading.default\">\n\t\t\t\t<div class=\"elementor-widget-container\">\n\t\t\t\t\t<h1 class=\"elementor-heading-title elementor-size-default\">Exposition sur la s\u00e9curit\u00e9 \u00e9lectronique (ESX) 2026\n<\/h1>\t\t\t\t<\/div>\n\t\t\t\t<\/div>\n\t\t\t\t\t<\/div>\n\t\t\t\t<\/div>\n\t\t<div class=\"elementor-element elementor-element-d204627 e-flex e-con-boxed e-con e-parent\" data-id=\"d204627\" data-element_type=\"container\" data-e-type=\"container\">\n\t\t\t\t\t<div class=\"e-con-inner\">\n\t\t\t\t<div class=\"elementor-element elementor-element-25e71bd dce_masking-none elementor-widget elementor-widget-image\" data-id=\"25e71bd\" data-element_type=\"widget\" data-e-type=\"widget\" data-widget_type=\"image.default\">\n\t\t\t\t<div class=\"elementor-widget-container\">\n\t\t\t\t\t\t\t\t\t\t\t\t\t\t\t<img decoding=\"async\" width=\"768\" height=\"402\" src=\"https:\/\/secutron.com\/wp-content\/uploads\/Secutron-Event-2026-ESX-768x402.png\" class=\"attachment-medium_large size-medium_large wp-image-4185\" alt=\"\" srcset=\"https:\/\/secutron.com\/wp-content\/uploads\/Secutron-Event-2026-ESX-768x402.png 768w, https:\/\/secutron.com\/wp-content\/uploads\/Secutron-Event-2026-ESX-300x157.png 300w, https:\/\/secutron.com\/wp-content\/uploads\/Secutron-Event-2026-ESX-1024x536.png 1024w, https:\/\/secutron.com\/wp-content\/uploads\/Secutron-Event-2026-ESX-18x9.png 18w, https:\/\/secutron.com\/wp-content\/uploads\/Secutron-Event-2026-ESX-600x314.png 600w, https:\/\/secutron.com\/wp-content\/uploads\/Secutron-Event-2026-ESX.png 1200w\" sizes=\"(max-width: 768px) 100vw, 768px\" \/>\t\t\t\t\t\t\t\t\t\t\t\t\t\t\t<\/div>\n\t\t\t\t<\/div>\n\t\t\t\t\t<\/div>\n\t\t\t\t<\/div>\n\t\t<div class=\"elementor-element elementor-element-89206d7 e-flex e-con-boxed e-con e-parent\" data-id=\"89206d7\" data-element_type=\"container\" data-e-type=\"container\">\n\t\t\t\t\t<div class=\"e-con-inner\">\n\t\t\t\t<div class=\"elementor-element elementor-element-4bb0f4d elementor-align-center elementor-widget elementor-widget-button\" data-id=\"4bb0f4d\" data-element_type=\"widget\" data-e-type=\"widget\" data-widget_type=\"button.default\">\n\t\t\t\t<div class=\"elementor-widget-container\">\n\t\t\t\t\t\t\t\t\t<div class=\"elementor-button-wrapper\">\n\t\t\t\t\t<a class=\"elementor-button elementor-button-link elementor-size-sm\" href=\"https:\/\/avolio.swapcard.com\/myesx2026\/index\/registrations\/Start%20\">\n\t\t\t\t\t\t<span class=\"elementor-button-content-wrapper\">\n\t\t\t\t\t\t\t\t\t<span class=\"elementor-button-text\">S'inscrire<\/span>\n\t\t\t\t\t<\/span>\n\t\t\t\t\t<\/a>\n\t\t\t\t<\/div>\n\t\t\t\t\t\t\t\t<\/div>\n\t\t\t\t<\/div>\n\t\t\t\t<div class=\"elementor-element elementor-element-3394471 elementor-widget elementor-widget-text-editor\" data-id=\"3394471\" data-element_type=\"widget\" data-e-type=\"widget\" data-widget_type=\"text-editor.default\">\n\t\t\t\t<div class=\"elementor-widget-container\">\n\t\t\t\t\t\t\t\t\t<p>Secutron est ravi de participer \u00e0 l'Electronic Security Expo (ESX), un \u00e9v\u00e9nement majeur pour les professionnels de la s\u00e9curit\u00e9 et de la s\u00fbret\u00e9 de la vie.<\/p><p>En tant que partenaire de Secutron, nous avons le plaisir d'offrir un laissez-passer gratuit pour l'exposition. Utilisez le code promo\u00a0<b>MircomExpo26<\/b><b>\u00a0<\/b>lors de l'inscription.<\/p>\t\t\t\t\t\t\t\t<\/div>\n\t\t\t\t<\/div>\n\t\t\t\t\t<\/div>\n\t\t\t\t<\/div>\n\t\t<div class=\"elementor-element elementor-element-e669dbc e-flex e-con-boxed e-con e-parent\" data-id=\"e669dbc\" data-element_type=\"container\" data-e-type=\"container\">\n\t\t\t\t\t<div class=\"e-con-inner\">\n\t\t\t\t<div class=\"elementor-element elementor-element-54ac8c4 elementor-widget elementor-widget-heading\" data-id=\"54ac8c4\" data-element_type=\"widget\" data-e-type=\"widget\" data-widget_type=\"heading.default\">\n\t\t\t\t<div class=\"elementor-widget-container\">\n\t\t\t\t\t<h1 class=\"elementor-heading-title elementor-size-default\">Conf\u00e9rence et exposition NFPA 2026\n<\/h1>\t\t\t\t<\/div>\n\t\t\t\t<\/div>\n\t\t\t\t\t<\/div>\n\t\t\t\t<\/div>\n\t\t<div class=\"elementor-element elementor-element-9ad7607 e-flex e-con-boxed e-con e-parent\" data-id=\"9ad7607\" data-element_type=\"container\" data-e-type=\"container\">\n\t\t\t\t\t<div class=\"e-con-inner\">\n\t\t\t\t<div class=\"elementor-element elementor-element-0359c93 dce_masking-none elementor-widget elementor-widget-image\" data-id=\"0359c93\" data-element_type=\"widget\" data-e-type=\"widget\" data-widget_type=\"image.default\">\n\t\t\t\t<div class=\"elementor-widget-container\">\n\t\t\t\t\t\t\t\t\t\t\t\t\t\t\t<img decoding=\"async\" width=\"768\" height=\"402\" src=\"https:\/\/secutron.com\/wp-content\/uploads\/Secutron-Event-2026-NFPA-768x402.png\" class=\"attachment-medium_large size-medium_large wp-image-4183\" alt=\"\" srcset=\"https:\/\/secutron.com\/wp-content\/uploads\/Secutron-Event-2026-NFPA-768x402.png 768w, https:\/\/secutron.com\/wp-content\/uploads\/Secutron-Event-2026-NFPA-300x157.png 300w, https:\/\/secutron.com\/wp-content\/uploads\/Secutron-Event-2026-NFPA-1024x536.png 1024w, https:\/\/secutron.com\/wp-content\/uploads\/Secutron-Event-2026-NFPA-18x9.png 18w, https:\/\/secutron.com\/wp-content\/uploads\/Secutron-Event-2026-NFPA-600x314.png 600w, https:\/\/secutron.com\/wp-content\/uploads\/Secutron-Event-2026-NFPA.png 1200w\" sizes=\"(max-width: 768px) 100vw, 768px\" \/>\t\t\t\t\t\t\t\t\t\t\t\t\t\t\t<\/div>\n\t\t\t\t<\/div>\n\t\t\t\t\t<\/div>\n\t\t\t\t<\/div>\n\t\t<div class=\"elementor-element elementor-element-3e39600 e-flex e-con-boxed e-con e-parent\" data-id=\"3e39600\" data-element_type=\"container\" data-e-type=\"container\">\n\t\t\t\t\t<div class=\"e-con-inner\">\n\t\t\t\t<div class=\"elementor-element elementor-element-d18134a elementor-align-center elementor-widget elementor-widget-button\" data-id=\"d18134a\" data-element_type=\"widget\" data-e-type=\"widget\" data-widget_type=\"button.default\">\n\t\t\t\t<div class=\"elementor-widget-container\">\n\t\t\t\t\t\t\t\t\t<div class=\"elementor-button-wrapper\">\n\t\t\t\t\t<a class=\"elementor-button elementor-button-link elementor-size-sm\" href=\"https:\/\/www.nfpa.org\/events\/conference\/conference-registration?country=usa%20\">\n\t\t\t\t\t\t<span class=\"elementor-button-content-wrapper\">\n\t\t\t\t\t\t\t\t\t<span class=\"elementor-button-text\">S'inscrire <\/span>\n\t\t\t\t\t<\/span>\n\t\t\t\t\t<\/a>\n\t\t\t\t<\/div>\n\t\t\t\t\t\t\t\t<\/div>\n\t\t\t\t<\/div>\n\t\t\t\t<div class=\"elementor-element elementor-element-2abb558 elementor-widget elementor-widget-text-editor\" data-id=\"2abb558\" data-element_type=\"widget\" data-e-type=\"widget\" data-widget_type=\"text-editor.default\">\n\t\t\t\t<div class=\"elementor-widget-container\">\n\t\t\t\t\t\t\t\t\t<p>Rejoignez Secutron \u00e0 NFPA 2026, l'\u00e9v\u00e9nement principal pour les professionnels de la s\u00e9curit\u00e9 incendie et de la s\u00e9curit\u00e9 des personnes. Nous pr\u00e9senterons nos derniers syst\u00e8mes de d\u00e9tection et d'alarme incendie, con\u00e7us pour r\u00e9pondre aux normes industrielles les plus strictes.<\/p>\t\t\t\t\t\t\t\t<\/div>\n\t\t\t\t<\/div>\n\t\t\t\t\t<\/div>\n\t\t\t\t<\/div>\n\t\t\t\t<\/div>","protected":false},"excerpt":{"rendered":"<p>EVENTS Join Secutron at these National Industry Events We invite you to connect with us, explore the latest innovations, and see how Secutron is shaping the future of fire protection and security technology. Secutron experts will be on hand to demonstrate our innovative technologies and discuss how we can support your project needs. ISC West [&hellip;]<\/p>\n","protected":false},"author":1,"featured_media":0,"parent":0,"menu_order":0,"comment_status":"closed","ping_status":"closed","template":"","meta":{"_acf_changed":false,"om_disable_all_campaigns":false,"_monsterinsights_skip_tracking":false,"_monsterinsights_sitenote_active":false,"_monsterinsights_sitenote_note":"","_monsterinsights_sitenote_category":0,"footnotes":""},"class_list":["post-3395","page","type-page","status-publish","hentry"],"acf":[],"yoast_head":"<!-- This site is optimized with the Yoast SEO plugin v27.5 - https:\/\/yoast.com\/product\/yoast-seo-wordpress\/ -->\n<title>Events - Secutron<\/title>\n<meta name=\"robots\" content=\"index, follow, max-snippet:-1, max-image-preview:large, max-video-preview:-1\" \/>\n<link rel=\"canonical\" href=\"https:\/\/secutron.com\/fr\/event\/\" \/>\n<meta property=\"og:locale\" content=\"fr_CA\" \/>\n<meta property=\"og:type\" content=\"article\" \/>\n<meta property=\"og:title\" content=\"Events - Secutron\" \/>\n<meta property=\"og:description\" content=\"EVENTS Join Secutron at these National Industry Events We invite you to connect with us, explore the latest innovations, and see how Secutron is shaping the future of fire protection and security technology. Secutron experts will be on hand to demonstrate our innovative technologies and discuss how we can support your project needs. ISC West [&hellip;]\" \/>\n<meta property=\"og:url\" content=\"https:\/\/secutron.com\/fr\/event\/\" \/>\n<meta property=\"og:site_name\" content=\"Secutron\" \/>\n<meta property=\"article:modified_time\" content=\"2026-02-26T22:06:29+00:00\" \/>\n<meta property=\"og:image\" content=\"https:\/\/secutron.com\/wp-content\/uploads\/Secutron-Event-2026-ISC-West.png\" \/>\n\t<meta property=\"og:image:width\" content=\"1200\" \/>\n\t<meta property=\"og:image:height\" content=\"628\" \/>\n\t<meta property=\"og:image:type\" content=\"image\/png\" \/>\n<meta name=\"twitter:card\" content=\"summary_large_image\" \/>\n<meta name=\"twitter:label1\" content=\"Estimation du temps de lecture\" \/>\n\t<meta name=\"twitter:data1\" content=\"2 minutes\" \/>\n<script type=\"application\/ld+json\" class=\"yoast-schema-graph\">{\"@context\":\"https:\\\/\\\/schema.org\",\"@graph\":[{\"@type\":\"WebPage\",\"@id\":\"https:\\\/\\\/secutron.com\\\/event\\\/\",\"url\":\"https:\\\/\\\/secutron.com\\\/event\\\/\",\"name\":\"Events - Secutron\",\"isPartOf\":{\"@id\":\"https:\\\/\\\/secutron.com\\\/#website\"},\"primaryImageOfPage\":{\"@id\":\"https:\\\/\\\/secutron.com\\\/event\\\/#primaryimage\"},\"image\":{\"@id\":\"https:\\\/\\\/secutron.com\\\/event\\\/#primaryimage\"},\"thumbnailUrl\":\"https:\\\/\\\/secutron.com\\\/wp-content\\\/uploads\\\/Secutron-Event-2026-ISC-West-768x402.png\",\"datePublished\":\"2024-05-09T14:20:08+00:00\",\"dateModified\":\"2026-02-26T22:06:29+00:00\",\"breadcrumb\":{\"@id\":\"https:\\\/\\\/secutron.com\\\/event\\\/#breadcrumb\"},\"inLanguage\":\"fr-CA\",\"potentialAction\":[{\"@type\":\"ReadAction\",\"target\":[\"https:\\\/\\\/secutron.com\\\/event\\\/\"]}]},{\"@type\":\"ImageObject\",\"inLanguage\":\"fr-CA\",\"@id\":\"https:\\\/\\\/secutron.com\\\/event\\\/#primaryimage\",\"url\":\"https:\\\/\\\/secutron.com\\\/wp-content\\\/uploads\\\/Secutron-Event-2026-ISC-West-768x402.png\",\"contentUrl\":\"https:\\\/\\\/secutron.com\\\/wp-content\\\/uploads\\\/Secutron-Event-2026-ISC-West-768x402.png\"},{\"@type\":\"BreadcrumbList\",\"@id\":\"https:\\\/\\\/secutron.com\\\/event\\\/#breadcrumb\",\"itemListElement\":[{\"@type\":\"ListItem\",\"position\":1,\"name\":\"Home\",\"item\":\"https:\\\/\\\/secutron.com\\\/\"},{\"@type\":\"ListItem\",\"position\":2,\"name\":\"Events\"}]},{\"@type\":\"WebSite\",\"@id\":\"https:\\\/\\\/secutron.com\\\/#website\",\"url\":\"https:\\\/\\\/secutron.com\\\/\",\"name\":\"Secutron\",\"description\":\"\",\"potentialAction\":[{\"@type\":\"SearchAction\",\"target\":{\"@type\":\"EntryPoint\",\"urlTemplate\":\"https:\\\/\\\/secutron.com\\\/?s={search_term_string}\"},\"query-input\":{\"@type\":\"PropertyValueSpecification\",\"valueRequired\":true,\"valueName\":\"search_term_string\"}}],\"inLanguage\":\"fr-CA\"}]}<\/script>\n<!-- \/ Yoast SEO plugin. -->","yoast_head_json":{"title":"\u00c9v\u00e9nements - Secutron","robots":{"index":"index","follow":"follow","max-snippet":"max-snippet:-1","max-image-preview":"max-image-preview:large","max-video-preview":"max-video-preview:-1"},"canonical":"https:\/\/secutron.com\/fr\/event\/","og_locale":"fr_CA","og_type":"article","og_title":"Events - Secutron","og_description":"EVENTS Join Secutron at these National Industry Events We invite you to connect with us, explore the latest innovations, and see how Secutron is shaping the future of fire protection and security technology. Secutron experts will be on hand to demonstrate our innovative technologies and discuss how we can support your project needs. ISC West [&hellip;]","og_url":"https:\/\/secutron.com\/fr\/event\/","og_site_name":"Secutron","article_modified_time":"2026-02-26T22:06:29+00:00","og_image":[{"width":1200,"height":628,"url":"https:\/\/secutron.com\/wp-content\/uploads\/Secutron-Event-2026-ISC-West.png","type":"image\/png"}],"twitter_card":"summary_large_image","twitter_misc":{"Estimation du temps de lecture":"2 minutes"},"schema":{"@context":"https:\/\/schema.org","@graph":[{"@type":"WebPage","@id":"https:\/\/secutron.com\/event\/","url":"https:\/\/secutron.com\/event\/","name":"\u00c9v\u00e9nements - Secutron","isPartOf":{"@id":"https:\/\/secutron.com\/#website"},"primaryImageOfPage":{"@id":"https:\/\/secutron.com\/event\/#primaryimage"},"image":{"@id":"https:\/\/secutron.com\/event\/#primaryimage"},"thumbnailUrl":"https:\/\/secutron.com\/wp-content\/uploads\/Secutron-Event-2026-ISC-West-768x402.png","datePublished":"2024-05-09T14:20:08+00:00","dateModified":"2026-02-26T22:06:29+00:00","breadcrumb":{"@id":"https:\/\/secutron.com\/event\/#breadcrumb"},"inLanguage":"fr-CA","potentialAction":[{"@type":"ReadAction","target":["https:\/\/secutron.com\/event\/"]}]},{"@type":"ImageObject","inLanguage":"fr-CA","@id":"https:\/\/secutron.com\/event\/#primaryimage","url":"https:\/\/secutron.com\/wp-content\/uploads\/Secutron-Event-2026-ISC-West-768x402.png","contentUrl":"https:\/\/secutron.com\/wp-content\/uploads\/Secutron-Event-2026-ISC-West-768x402.png"},{"@type":"BreadcrumbList","@id":"https:\/\/secutron.com\/event\/#breadcrumb","itemListElement":[{"@type":"ListItem","position":1,"name":"Home","item":"https:\/\/secutron.com\/"},{"@type":"ListItem","position":2,"name":"Events"}]},{"@type":"WebSite","@id":"https:\/\/secutron.com\/#website","url":"https:\/\/secutron.com\/","name":"Secutron","description":"","potentialAction":[{"@type":"SearchAction","target":{"@type":"EntryPoint","urlTemplate":"https:\/\/secutron.com\/?s={search_term_string}"},"query-input":{"@type":"PropertyValueSpecification","valueRequired":true,"valueName":"search_term_string"}}],"inLanguage":"fr-CA"}]}},"_links":{"self":[{"href":"https:\/\/secutron.com\/fr\/wp-json\/wp\/v2\/pages\/3395","targetHints":{"allow":["GET"]}}],"collection":[{"href":"https:\/\/secutron.com\/fr\/wp-json\/wp\/v2\/pages"}],"about":[{"href":"https:\/\/secutron.com\/fr\/wp-json\/wp\/v2\/types\/page"}],"author":[{"embeddable":true,"href":"https:\/\/secutron.com\/fr\/wp-json\/wp\/v2\/users\/1"}],"replies":[{"embeddable":true,"href":"https:\/\/secutron.com\/fr\/wp-json\/wp\/v2\/comments?post=3395"}],"version-history":[{"count":65,"href":"https:\/\/secutron.com\/fr\/wp-json\/wp\/v2\/pages\/3395\/revisions"}],"predecessor-version":[{"id":4194,"href":"https:\/\/secutron.com\/fr\/wp-json\/wp\/v2\/pages\/3395\/revisions\/4194"}],"wp:attachment":[{"href":"https:\/\/secutron.com\/fr\/wp-json\/wp\/v2\/media?parent=3395"}],"curies":[{"name":"wp","href":"https:\/\/api.w.org\/{rel}","templated":true}]}}