{"id":1659,"date":"2023-02-02T11:56:13","date_gmt":"2023-02-02T16:56:13","guid":{"rendered":"https:\/\/secutron.com\/?page_id=1659"},"modified":"2024-07-18T14:12:18","modified_gmt":"2024-07-18T18:12:18","slug":"usa","status":"publish","type":"page","link":"https:\/\/secutron.com\/fr\/usa\/","title":{"rendered":"Home &#8211; USA"},"content":{"rendered":"<div data-elementor-type=\"wp-page\" data-elementor-id=\"1659\" class=\"elementor elementor-1659\" data-elementor-post-type=\"page\">\n\t\t\t\t\t\t<section data-dce-background-color=\"#FFFFFF\" data-dce-background-overlay-color=\"#000000\" data-dce-background-image-url=\"https:\/\/secutron.com\/wp-content\/uploads\/patrick-tomasso-gMes5dNykus-unsplash.jpg\" class=\"elementor-section elementor-top-section elementor-element elementor-element-369f49f elementor-section-height-min-height elementor-section-boxed elementor-section-height-default elementor-section-items-middle\" data-id=\"369f49f\" data-element_type=\"section\" data-e-type=\"section\" data-settings=\"{&quot;background_background&quot;:&quot;classic&quot;}\">\n\t\t\t\t\t\t\t<div class=\"elementor-background-overlay\"><\/div>\n\t\t\t\t\t\t\t<div class=\"elementor-container elementor-column-gap-default\">\n\t\t\t\t\t<div data-dce-background-color=\"#FFFFFF\" class=\"elementor-column elementor-col-50 elementor-top-column elementor-element elementor-element-6d6fa02\" data-id=\"6d6fa02\" data-element_type=\"column\" data-e-type=\"column\" data-settings=\"{&quot;background_background&quot;:&quot;classic&quot;}\">\n\t\t\t<div class=\"elementor-widget-wrap elementor-element-populated\">\n\t\t\t\t\t\t<div data-dce-title-color=\"#000000\" class=\"elementor-element elementor-element-4ed2802 elementor-widget elementor-widget-heading\" data-id=\"4ed2802\" data-element_type=\"widget\" data-e-type=\"widget\" data-widget_type=\"heading.default\">\n\t\t\t\t<div class=\"elementor-widget-container\">\n\t\t\t\t\t<div class=\"elementor-heading-title elementor-size-default\">Bienvenue sur le site de Secutron USA<\/div>\t\t\t\t<\/div>\n\t\t\t\t<\/div>\n\t\t\t\t<div data-dce-title-color=\"#B52025\" class=\"elementor-element elementor-element-6bba089 elementor-widget elementor-widget-heading\" data-id=\"6bba089\" data-element_type=\"widget\" data-e-type=\"widget\" data-widget_type=\"heading.default\">\n\t\t\t\t<div class=\"elementor-widget-container\">\n\t\t\t\t\t<h1 class=\"elementor-heading-title elementor-size-default\">TRUSTED FIRE DETECTION &amp; ALARM\n<\/h1>\t\t\t\t<\/div>\n\t\t\t\t<\/div>\n\t\t\t\t<div data-dce-title-color=\"#B52025\" class=\"elementor-element elementor-element-9922237 elementor-widget elementor-widget-heading\" data-id=\"9922237\" data-element_type=\"widget\" data-e-type=\"widget\" data-widget_type=\"heading.default\">\n\t\t\t\t<div class=\"elementor-widget-container\">\n\t\t\t\t\t<h2 class=\"elementor-heading-title elementor-size-default\">SYST\u00c8MES DE NOTIFICATION DE MASSE<\/h2>\t\t\t\t<\/div>\n\t\t\t\t<\/div>\n\t\t\t\t<div data-dce-text-color=\"#2E2B2B\" class=\"elementor-element elementor-element-c488766 elementor-widget elementor-widget-text-editor\" data-id=\"c488766\" data-element_type=\"widget\" data-e-type=\"widget\" data-widget_type=\"text-editor.default\">\n\t\t\t\t<div class=\"elementor-widget-container\">\n\t\t\t\t\t\t\t\t\t<p>DES PETITS PANNEAUX CONVENTIONNELS AUX PLUS GRANDES SOLUTIONS INTELLIGENTES ET EN R\u00c9SEAU, SECUTRON PROPOSE DES SYST\u00c8MES DE S\u00c9CURIT\u00c9 \u00c9VOLUTIFS ET FLEXIBLES UTILIS\u00c9S DANS LE MONDE ENTIER.<\/p>\t\t\t\t\t\t\t\t<\/div>\n\t\t\t\t<\/div>\n\t\t\t\t<div class=\"elementor-element elementor-element-1735949 elementor-mobile-align-center elementor-widget elementor-widget-button\" data-id=\"1735949\" data-element_type=\"widget\" data-e-type=\"widget\" data-widget_type=\"button.default\">\n\t\t\t\t<div class=\"elementor-widget-container\">\n\t\t\t\t\t\t\t\t\t<div class=\"elementor-button-wrapper\">\n\t\t\t\t\t<a class=\"elementor-button elementor-button-link elementor-size-sm\" href=\"\/product-listing\/\">\n\t\t\t\t\t\t<span class=\"elementor-button-content-wrapper\">\n\t\t\t\t\t\t\t\t\t<span class=\"elementor-button-text\">VOIR NOS SOLUTIONS<\/span>\n\t\t\t\t\t<\/span>\n\t\t\t\t\t<\/a>\n\t\t\t\t<\/div>\n\t\t\t\t\t\t\t\t<\/div>\n\t\t\t\t<\/div>\n\t\t\t\t\t<\/div>\n\t\t<\/div>\n\t\t\t\t<div class=\"elementor-column elementor-col-50 elementor-top-column elementor-element elementor-element-8cae7ab elementor-hidden-phone\" data-id=\"8cae7ab\" data-element_type=\"column\" data-e-type=\"column\">\n\t\t\t<div class=\"elementor-widget-wrap\">\n\t\t\t\t\t\t\t<\/div>\n\t\t<\/div>\n\t\t\t\t\t<\/div>\n\t\t<\/section>\n\t\t\t\t<section class=\"elementor-section elementor-top-section elementor-element elementor-element-84535a3 elementor-section-boxed elementor-section-height-default elementor-section-height-default\" data-id=\"84535a3\" data-element_type=\"section\" data-e-type=\"section\">\n\t\t\t\t\t\t<div class=\"elementor-container elementor-column-gap-default\">\n\t\t\t\t\t<div class=\"elementor-column elementor-col-50 elementor-top-column elementor-element elementor-element-c6fd3ca\" data-id=\"c6fd3ca\" data-element_type=\"column\" data-e-type=\"column\">\n\t\t\t<div class=\"elementor-widget-wrap elementor-element-populated\">\n\t\t\t\t\t\t<div data-dce-title-color=\"#B52025\" class=\"elementor-element elementor-element-14cc5ea elementor-widget elementor-widget-heading\" data-id=\"14cc5ea\" data-element_type=\"widget\" data-e-type=\"widget\" data-widget_type=\"heading.default\">\n\t\t\t\t<div class=\"elementor-widget-container\">\n\t\t\t\t\t<h2 class=\"elementor-heading-title elementor-size-default\">NOUS SOMMES SECUTRON<\/h2>\t\t\t\t<\/div>\n\t\t\t\t<\/div>\n\t\t\t\t<div data-dce-text-color=\"#54595F\" class=\"elementor-element elementor-element-5dcd331 elementor-widget elementor-widget-text-editor\" data-id=\"5dcd331\" data-element_type=\"widget\" data-e-type=\"widget\" data-widget_type=\"text-editor.default\">\n\t\t\t\t<div class=\"elementor-widget-container\">\n\t\t\t\t\t\t\t\t\t<p>Fond\u00e9e en 1973, Secutron est un fabricant de solutions de d\u00e9tection d'incendie et d'alarme UL. Les produits Secutron sont con\u00e7us en Am\u00e9rique du Nord par le groupe d'entreprises Mircom et export\u00e9s dans le monde entier par l'interm\u00e9diaire de partenaires de distribution sur les principaux march\u00e9s, notamment l'Am\u00e9rique latine, l'Inde, le Moyen-Orient et l'Asie du Sud-Est. Depuis pr\u00e8s de 50 ans, Secutron dessert des march\u00e9s verticaux au niveau national et international. Nos caract\u00e9ristiques comprennent l'\u00e9vacuation vocale int\u00e9gr\u00e9e, des interfaces de syst\u00e8me de gestion de b\u00e2timent et un support de poste de travail graphique. Le logiciel sans licence et les utilitaires de configuration modernes r\u00e9duisent la complexit\u00e9 des ventes et des commissions. Les grandes solutions Secutron en r\u00e9seau sont fr\u00e9quemment utilis\u00e9es dans les installations militaires, les campus universitaires, les raffineries de ressources naturelles, les usines de fabrication et les complexes de bureaux commerciaux. Choisissez Secutron quand seul le meilleur peut faire l'affaire.<\/p>\t\t\t\t\t\t\t\t<\/div>\n\t\t\t\t<\/div>\n\t\t\t\t<div data-dce-title-color=\"#54595F\" class=\"elementor-element elementor-element-df7ec72 elementor-widget elementor-widget-heading\" data-id=\"df7ec72\" data-element_type=\"widget\" data-e-type=\"widget\" data-widget_type=\"heading.default\">\n\t\t\t\t<div class=\"elementor-widget-container\">\n\t\t\t\t\t<h4 class=\"elementor-heading-title elementor-size-default\">Fabriqu\u00e9 au Canada. Utilis\u00e9 dans le monde entier.<\/h4>\t\t\t\t<\/div>\n\t\t\t\t<\/div>\n\t\t\t\t\t<\/div>\n\t\t<\/div>\n\t\t\t\t<div class=\"elementor-column elementor-col-50 elementor-top-column elementor-element elementor-element-fd400cf\" data-id=\"fd400cf\" data-element_type=\"column\" data-e-type=\"column\">\n\t\t\t<div class=\"elementor-widget-wrap elementor-element-populated\">\n\t\t\t\t\t\t<div class=\"elementor-element elementor-element-2588500 elementor-widget-mobile__width-auto dce_masking-none elementor-widget elementor-widget-image\" data-id=\"2588500\" data-element_type=\"widget\" data-e-type=\"widget\" data-widget_type=\"image.default\">\n\t\t\t\t<div class=\"elementor-widget-container\">\n\t\t\t\t\t\t\t\t\t\t\t\t\t\t\t<img decoding=\"async\" width=\"163\" height=\"163\" src=\"https:\/\/secutron.com\/wp-content\/uploads\/home_ul-listed.png\" class=\"attachment-full size-full wp-image-766\" alt=\"Secutron UL Listed\" srcset=\"https:\/\/secutron.com\/wp-content\/uploads\/home_ul-listed.png 163w, https:\/\/secutron.com\/wp-content\/uploads\/home_ul-listed-150x150.png 150w, https:\/\/secutron.com\/wp-content\/uploads\/home_ul-listed-80x80.png 80w, https:\/\/secutron.com\/wp-content\/uploads\/home_ul-listed-100x100.png 100w\" sizes=\"(max-width: 163px) 100vw, 163px\" \/>\t\t\t\t\t\t\t\t\t\t\t\t\t\t\t<\/div>\n\t\t\t\t<\/div>\n\t\t\t\t<div class=\"elementor-element elementor-element-8797eeb elementor-widget-mobile__width-auto dce_masking-none elementor-widget elementor-widget-image\" data-id=\"8797eeb\" data-element_type=\"widget\" data-e-type=\"widget\" data-widget_type=\"image.default\">\n\t\t\t\t<div class=\"elementor-widget-container\">\n\t\t\t\t\t\t\t\t\t\t\t\t\t\t\t<img decoding=\"async\" width=\"163\" height=\"163\" src=\"https:\/\/secutron.com\/wp-content\/uploads\/home_iso_listed.png\" class=\"attachment-full size-full wp-image-765\" alt=\"Secutron ISO Certified\" srcset=\"https:\/\/secutron.com\/wp-content\/uploads\/home_iso_listed.png 163w, https:\/\/secutron.com\/wp-content\/uploads\/home_iso_listed-150x150.png 150w, https:\/\/secutron.com\/wp-content\/uploads\/home_iso_listed-80x80.png 80w, https:\/\/secutron.com\/wp-content\/uploads\/home_iso_listed-100x100.png 100w\" sizes=\"(max-width: 163px) 100vw, 163px\" \/>\t\t\t\t\t\t\t\t\t\t\t\t\t\t\t<\/div>\n\t\t\t\t<\/div>\n\t\t\t\t<div class=\"elementor-element elementor-element-1184216 elementor-widget-mobile__width-auto dce_masking-none elementor-widget elementor-widget-image\" data-id=\"1184216\" data-element_type=\"widget\" data-e-type=\"widget\" data-widget_type=\"image.default\">\n\t\t\t\t<div class=\"elementor-widget-container\">\n\t\t\t\t\t\t\t\t\t\t\t\t\t\t\t<img decoding=\"async\" width=\"163\" height=\"163\" src=\"https:\/\/secutron.com\/wp-content\/uploads\/home_fm-approved.png\" class=\"attachment-full size-full wp-image-764\" alt=\"Secutron FM Approved\" srcset=\"https:\/\/secutron.com\/wp-content\/uploads\/home_fm-approved.png 163w, https:\/\/secutron.com\/wp-content\/uploads\/home_fm-approved-150x150.png 150w, https:\/\/secutron.com\/wp-content\/uploads\/home_fm-approved-80x80.png 80w, https:\/\/secutron.com\/wp-content\/uploads\/home_fm-approved-100x100.png 100w\" sizes=\"(max-width: 163px) 100vw, 163px\" \/>\t\t\t\t\t\t\t\t\t\t\t\t\t\t\t<\/div>\n\t\t\t\t<\/div>\n\t\t\t\t\t<\/div>\n\t\t<\/div>\n\t\t\t\t\t<\/div>\n\t\t<\/section>\n\t\t\t\t<section class=\"elementor-section elementor-top-section elementor-element elementor-element-a5bfb56 elementor-section-boxed elementor-section-height-default elementor-section-height-default\" data-id=\"a5bfb56\" data-element_type=\"section\" data-e-type=\"section\">\n\t\t\t\t\t\t<div class=\"elementor-container elementor-column-gap-default\">\n\t\t\t\t\t<div class=\"elementor-column elementor-col-100 elementor-top-column elementor-element elementor-element-e927d89\" data-id=\"e927d89\" data-element_type=\"column\" data-e-type=\"column\">\n\t\t\t<div class=\"elementor-widget-wrap elementor-element-populated\">\n\t\t\t\t\t\t<div data-dce-title-color=\"#B52025\" class=\"elementor-element elementor-element-0476729 elementor-widget elementor-widget-heading\" data-id=\"0476729\" data-element_type=\"widget\" data-e-type=\"widget\" data-widget_type=\"heading.default\">\n\t\t\t\t<div class=\"elementor-widget-container\">\n\t\t\t\t\t<h2 class=\"elementor-heading-title elementor-size-default\">PRODUITS VEDETTES<\/h2>\t\t\t\t<\/div>\n\t\t\t\t<\/div>\n\t\t\t\t<div class=\"elementor-element elementor-element-99f6bf6 elementor-align-center elementor-widget elementor-widget-button\" data-id=\"99f6bf6\" data-element_type=\"widget\" data-e-type=\"widget\" data-widget_type=\"button.default\">\n\t\t\t\t<div class=\"elementor-widget-container\">\n\t\t\t\t\t\t\t\t\t<div class=\"elementor-button-wrapper\">\n\t\t\t\t\t<a class=\"elementor-button elementor-button-link elementor-size-md\" href=\"https:\/\/secutron.com\/products\/\">\n\t\t\t\t\t\t<span class=\"elementor-button-content-wrapper\">\n\t\t\t\t\t\t\t\t\t<span class=\"elementor-button-text\">VOIR TOUS LES PRODUITS<\/span>\n\t\t\t\t\t<\/span>\n\t\t\t\t\t<\/a>\n\t\t\t\t<\/div>\n\t\t\t\t\t\t\t\t<\/div>\n\t\t\t\t<\/div>\n\t\t\t\t\t<\/div>\n\t\t<\/div>\n\t\t\t\t\t<\/div>\n\t\t<\/section>\n\t\t\t\t<\/div>","protected":false},"excerpt":{"rendered":"<p>Welcome to Secutron USA Page TRUSTED FIRE DETECTION &#038; ALARM MASS NOTIFICATION SYSTEMS FROM SMALL CONVENTIONAL PANELS TO THE LARGEST INTELLIGENT &amp; NETWORKED SOLUTIONS, SECUTRON\u00a0OFFERS SCALABLE, FLEXIBLE LIFE SAFTY SYSTEMS USED AROUND THE WORLD. VIEW OUR SOLUTIONS WE ARE SECUTRON Established in 1973, Secutron is UL manufacturer or fire detection &amp; alarm solutions. Secutron products [&hellip;]<\/p>\n","protected":false},"author":1,"featured_media":0,"parent":0,"menu_order":0,"comment_status":"closed","ping_status":"closed","template":"","meta":{"_acf_changed":false,"om_disable_all_campaigns":false,"_monsterinsights_skip_tracking":false,"_monsterinsights_sitenote_active":false,"_monsterinsights_sitenote_note":"","_monsterinsights_sitenote_category":0,"footnotes":""},"class_list":["post-1659","page","type-page","status-publish","hentry"],"acf":[],"yoast_head":"<!-- This site is optimized with the Yoast SEO plugin v27.5 - https:\/\/yoast.com\/product\/yoast-seo-wordpress\/ -->\n<title>Home - USA - Secutron<\/title>\n<meta name=\"description\" content=\"Discover Secutron&#039;s trusted fire detection &amp; life safety systems. Explore our technologically robust products engineered in North America.\" \/>\n<meta name=\"robots\" content=\"index, follow, max-snippet:-1, max-image-preview:large, max-video-preview:-1\" \/>\n<link rel=\"canonical\" href=\"https:\/\/secutron.com\/fr\/usa\/\" \/>\n<meta property=\"og:locale\" content=\"fr_CA\" \/>\n<meta property=\"og:type\" content=\"article\" \/>\n<meta property=\"og:title\" content=\"Home - USA - Secutron\" \/>\n<meta property=\"og:description\" content=\"Discover Secutron&#039;s trusted fire detection &amp; life safety systems. Explore our technologically robust products engineered in North America.\" \/>\n<meta property=\"og:url\" content=\"https:\/\/secutron.com\/fr\/usa\/\" \/>\n<meta property=\"og:site_name\" content=\"Secutron\" \/>\n<meta property=\"article:modified_time\" content=\"2024-07-18T18:12:18+00:00\" \/>\n<meta property=\"og:image\" content=\"https:\/\/secutron.com\/wp-content\/uploads\/home_ul-listed.png\" \/>\n<meta name=\"twitter:card\" content=\"summary_large_image\" \/>\n<meta name=\"twitter:label1\" content=\"Estimation du temps de lecture\" \/>\n\t<meta name=\"twitter:data1\" content=\"2 minutes\" \/>\n<script type=\"application\/ld+json\" class=\"yoast-schema-graph\">{\"@context\":\"https:\\\/\\\/schema.org\",\"@graph\":[{\"@type\":\"WebPage\",\"@id\":\"https:\\\/\\\/secutron.com\\\/usa\\\/\",\"url\":\"https:\\\/\\\/secutron.com\\\/usa\\\/\",\"name\":\"Home - USA - Secutron\",\"isPartOf\":{\"@id\":\"https:\\\/\\\/secutron.com\\\/#website\"},\"primaryImageOfPage\":{\"@id\":\"https:\\\/\\\/secutron.com\\\/usa\\\/#primaryimage\"},\"image\":{\"@id\":\"https:\\\/\\\/secutron.com\\\/usa\\\/#primaryimage\"},\"thumbnailUrl\":\"http:\\\/\\\/secutron.com\\\/wp-content\\\/uploads\\\/home_ul-listed.png\",\"datePublished\":\"2023-02-02T16:56:13+00:00\",\"dateModified\":\"2024-07-18T18:12:18+00:00\",\"description\":\"Discover Secutron's trusted fire detection & life safety systems. Explore our technologically robust products engineered in North America.\",\"breadcrumb\":{\"@id\":\"https:\\\/\\\/secutron.com\\\/usa\\\/#breadcrumb\"},\"inLanguage\":\"fr-CA\",\"potentialAction\":[{\"@type\":\"ReadAction\",\"target\":[\"https:\\\/\\\/secutron.com\\\/usa\\\/\"]}]},{\"@type\":\"ImageObject\",\"inLanguage\":\"fr-CA\",\"@id\":\"https:\\\/\\\/secutron.com\\\/usa\\\/#primaryimage\",\"url\":\"http:\\\/\\\/secutron.com\\\/wp-content\\\/uploads\\\/home_ul-listed.png\",\"contentUrl\":\"http:\\\/\\\/secutron.com\\\/wp-content\\\/uploads\\\/home_ul-listed.png\"},{\"@type\":\"BreadcrumbList\",\"@id\":\"https:\\\/\\\/secutron.com\\\/usa\\\/#breadcrumb\",\"itemListElement\":[{\"@type\":\"ListItem\",\"position\":1,\"name\":\"Home\",\"item\":\"https:\\\/\\\/secutron.com\\\/\"},{\"@type\":\"ListItem\",\"position\":2,\"name\":\"Home &#8211; USA\"}]},{\"@type\":\"WebSite\",\"@id\":\"https:\\\/\\\/secutron.com\\\/#website\",\"url\":\"https:\\\/\\\/secutron.com\\\/\",\"name\":\"Secutron\",\"description\":\"\",\"potentialAction\":[{\"@type\":\"SearchAction\",\"target\":{\"@type\":\"EntryPoint\",\"urlTemplate\":\"https:\\\/\\\/secutron.com\\\/?s={search_term_string}\"},\"query-input\":{\"@type\":\"PropertyValueSpecification\",\"valueRequired\":true,\"valueName\":\"search_term_string\"}}],\"inLanguage\":\"fr-CA\"}]}<\/script>\n<!-- \/ Yoast SEO plugin. -->","yoast_head_json":{"title":"Home - USA - Secutron","description":"Discover Secutron's trusted fire detection & life safety systems. Explore our technologically robust products engineered in North America.","robots":{"index":"index","follow":"follow","max-snippet":"max-snippet:-1","max-image-preview":"max-image-preview:large","max-video-preview":"max-video-preview:-1"},"canonical":"https:\/\/secutron.com\/fr\/usa\/","og_locale":"fr_CA","og_type":"article","og_title":"Home - USA - Secutron","og_description":"Discover Secutron's trusted fire detection & life safety systems. Explore our technologically robust products engineered in North America.","og_url":"https:\/\/secutron.com\/fr\/usa\/","og_site_name":"Secutron","article_modified_time":"2024-07-18T18:12:18+00:00","og_image":[{"url":"https:\/\/secutron.com\/wp-content\/uploads\/home_ul-listed.png","type":"","width":"","height":""}],"twitter_card":"summary_large_image","twitter_misc":{"Estimation du temps de lecture":"2 minutes"},"schema":{"@context":"https:\/\/schema.org","@graph":[{"@type":"WebPage","@id":"https:\/\/secutron.com\/usa\/","url":"https:\/\/secutron.com\/usa\/","name":"Home - USA - Secutron","isPartOf":{"@id":"https:\/\/secutron.com\/#website"},"primaryImageOfPage":{"@id":"https:\/\/secutron.com\/usa\/#primaryimage"},"image":{"@id":"https:\/\/secutron.com\/usa\/#primaryimage"},"thumbnailUrl":"https:\/\/secutron.com\/wp-content\/uploads\/home_ul-listed.png","datePublished":"2023-02-02T16:56:13+00:00","dateModified":"2024-07-18T18:12:18+00:00","description":"Discover Secutron's trusted fire detection & life safety systems. Explore our technologically robust products engineered in North America.","breadcrumb":{"@id":"https:\/\/secutron.com\/usa\/#breadcrumb"},"inLanguage":"fr-CA","potentialAction":[{"@type":"ReadAction","target":["https:\/\/secutron.com\/usa\/"]}]},{"@type":"ImageObject","inLanguage":"fr-CA","@id":"https:\/\/secutron.com\/usa\/#primaryimage","url":"https:\/\/secutron.com\/wp-content\/uploads\/home_ul-listed.png","contentUrl":"https:\/\/secutron.com\/wp-content\/uploads\/home_ul-listed.png"},{"@type":"BreadcrumbList","@id":"https:\/\/secutron.com\/usa\/#breadcrumb","itemListElement":[{"@type":"ListItem","position":1,"name":"Home","item":"https:\/\/secutron.com\/"},{"@type":"ListItem","position":2,"name":"Home &#8211; USA"}]},{"@type":"WebSite","@id":"https:\/\/secutron.com\/#website","url":"https:\/\/secutron.com\/","name":"Secutron","description":"","potentialAction":[{"@type":"SearchAction","target":{"@type":"EntryPoint","urlTemplate":"https:\/\/secutron.com\/?s={search_term_string}"},"query-input":{"@type":"PropertyValueSpecification","valueRequired":true,"valueName":"search_term_string"}}],"inLanguage":"fr-CA"}]}},"_links":{"self":[{"href":"https:\/\/secutron.com\/fr\/wp-json\/wp\/v2\/pages\/1659","targetHints":{"allow":["GET"]}}],"collection":[{"href":"https:\/\/secutron.com\/fr\/wp-json\/wp\/v2\/pages"}],"about":[{"href":"https:\/\/secutron.com\/fr\/wp-json\/wp\/v2\/types\/page"}],"author":[{"embeddable":true,"href":"https:\/\/secutron.com\/fr\/wp-json\/wp\/v2\/users\/1"}],"replies":[{"embeddable":true,"href":"https:\/\/secutron.com\/fr\/wp-json\/wp\/v2\/comments?post=1659"}],"version-history":[{"count":5,"href":"https:\/\/secutron.com\/fr\/wp-json\/wp\/v2\/pages\/1659\/revisions"}],"predecessor-version":[{"id":3527,"href":"https:\/\/secutron.com\/fr\/wp-json\/wp\/v2\/pages\/1659\/revisions\/3527"}],"wp:attachment":[{"href":"https:\/\/secutron.com\/fr\/wp-json\/wp\/v2\/media?parent=1659"}],"curies":[{"name":"wp","href":"https:\/\/api.w.org\/{rel}","templated":true}]}}