{"id":1650,"date":"2023-02-02T11:54:20","date_gmt":"2023-02-02T16:54:20","guid":{"rendered":"https:\/\/secutron.com\/?page_id=1650"},"modified":"2024-07-18T14:11:14","modified_gmt":"2024-07-18T18:11:14","slug":"international","status":"publish","type":"page","link":"https:\/\/secutron.com\/fr\/international\/","title":{"rendered":"Home &#8211; International"},"content":{"rendered":"<div data-elementor-type=\"wp-page\" data-elementor-id=\"1650\" class=\"elementor elementor-1650\" data-elementor-post-type=\"page\">\n\t\t\t\t\t\t<section data-dce-background-color=\"#FFFFFF\" data-dce-background-overlay-color=\"#000000\" data-dce-background-image-url=\"https:\/\/secutron.com\/wp-content\/uploads\/patrick-tomasso-gMes5dNykus-unsplash.jpg\" class=\"elementor-section elementor-top-section elementor-element elementor-element-852fdfe elementor-section-height-min-height elementor-section-boxed elementor-section-height-default elementor-section-items-middle\" data-id=\"852fdfe\" data-element_type=\"section\" data-e-type=\"section\" data-settings=\"{&quot;background_background&quot;:&quot;classic&quot;}\">\n\t\t\t\t\t\t\t<div class=\"elementor-background-overlay\"><\/div>\n\t\t\t\t\t\t\t<div class=\"elementor-container elementor-column-gap-default\">\n\t\t\t\t\t<div data-dce-background-color=\"#FFFFFF\" class=\"elementor-column elementor-col-50 elementor-top-column elementor-element elementor-element-840fd8f\" data-id=\"840fd8f\" data-element_type=\"column\" data-e-type=\"column\" data-settings=\"{&quot;background_background&quot;:&quot;classic&quot;}\">\n\t\t\t<div class=\"elementor-widget-wrap elementor-element-populated\">\n\t\t\t\t\t\t<div data-dce-title-color=\"#000000\" class=\"elementor-element elementor-element-035f5bc elementor-widget elementor-widget-heading\" data-id=\"035f5bc\" data-element_type=\"widget\" data-e-type=\"widget\" data-widget_type=\"heading.default\">\n\t\t\t\t<div class=\"elementor-widget-container\">\n\t\t\t\t\t<div class=\"elementor-heading-title elementor-size-default\">Bienvenue sur la page de Secutron International<\/div>\t\t\t\t<\/div>\n\t\t\t\t<\/div>\n\t\t\t\t<div data-dce-title-color=\"#B52025\" class=\"elementor-element elementor-element-adfe195 elementor-widget elementor-widget-heading\" data-id=\"adfe195\" data-element_type=\"widget\" data-e-type=\"widget\" data-widget_type=\"heading.default\">\n\t\t\t\t<div class=\"elementor-widget-container\">\n\t\t\t\t\t<h1 class=\"elementor-heading-title elementor-size-default\">TRUSTED FIRE DETECTION &amp; ALARM\n<\/h1>\t\t\t\t<\/div>\n\t\t\t\t<\/div>\n\t\t\t\t<div data-dce-title-color=\"#B52025\" class=\"elementor-element elementor-element-de936be elementor-widget elementor-widget-heading\" data-id=\"de936be\" data-element_type=\"widget\" data-e-type=\"widget\" data-widget_type=\"heading.default\">\n\t\t\t\t<div class=\"elementor-widget-container\">\n\t\t\t\t\t<h2 class=\"elementor-heading-title elementor-size-default\">SYST\u00c8MES DE NOTIFICATION DE MASSE<\/h2>\t\t\t\t<\/div>\n\t\t\t\t<\/div>\n\t\t\t\t<div data-dce-text-color=\"#2E2B2B\" class=\"elementor-element elementor-element-abd10bb elementor-widget elementor-widget-text-editor\" data-id=\"abd10bb\" data-element_type=\"widget\" data-e-type=\"widget\" data-widget_type=\"text-editor.default\">\n\t\t\t\t<div class=\"elementor-widget-container\">\n\t\t\t\t\t\t\t\t\t<p>DES PETITS PANNEAUX CONVENTIONNELS AUX PLUS GRANDES SOLUTIONS INTELLIGENTES ET EN R\u00c9SEAU, SECUTRON PROPOSE DES SYST\u00c8MES DE S\u00c9CURIT\u00c9 \u00c9VOLUTIFS ET FLEXIBLES UTILIS\u00c9S DANS LE MONDE ENTIER.<\/p>\t\t\t\t\t\t\t\t<\/div>\n\t\t\t\t<\/div>\n\t\t\t\t<div class=\"elementor-element elementor-element-2202b0a elementor-mobile-align-center elementor-widget elementor-widget-button\" data-id=\"2202b0a\" data-element_type=\"widget\" data-e-type=\"widget\" data-widget_type=\"button.default\">\n\t\t\t\t<div class=\"elementor-widget-container\">\n\t\t\t\t\t\t\t\t\t<div class=\"elementor-button-wrapper\">\n\t\t\t\t\t<a class=\"elementor-button elementor-button-link elementor-size-sm\" href=\"\/product-listing\/\">\n\t\t\t\t\t\t<span class=\"elementor-button-content-wrapper\">\n\t\t\t\t\t\t\t\t\t<span class=\"elementor-button-text\">VOIR NOS SOLUTIONS<\/span>\n\t\t\t\t\t<\/span>\n\t\t\t\t\t<\/a>\n\t\t\t\t<\/div>\n\t\t\t\t\t\t\t\t<\/div>\n\t\t\t\t<\/div>\n\t\t\t\t\t<\/div>\n\t\t<\/div>\n\t\t\t\t<div class=\"elementor-column elementor-col-50 elementor-top-column elementor-element elementor-element-d24afcb elementor-hidden-phone\" data-id=\"d24afcb\" data-element_type=\"column\" data-e-type=\"column\">\n\t\t\t<div class=\"elementor-widget-wrap\">\n\t\t\t\t\t\t\t<\/div>\n\t\t<\/div>\n\t\t\t\t\t<\/div>\n\t\t<\/section>\n\t\t\t\t<section class=\"elementor-section elementor-top-section elementor-element elementor-element-4640fa2 elementor-section-boxed elementor-section-height-default elementor-section-height-default\" data-id=\"4640fa2\" data-element_type=\"section\" data-e-type=\"section\">\n\t\t\t\t\t\t<div class=\"elementor-container elementor-column-gap-default\">\n\t\t\t\t\t<div class=\"elementor-column elementor-col-50 elementor-top-column elementor-element elementor-element-4ac3cf1\" data-id=\"4ac3cf1\" data-element_type=\"column\" data-e-type=\"column\">\n\t\t\t<div class=\"elementor-widget-wrap elementor-element-populated\">\n\t\t\t\t\t\t<div data-dce-title-color=\"#B52025\" class=\"elementor-element elementor-element-c75aeb9 elementor-widget elementor-widget-heading\" data-id=\"c75aeb9\" data-element_type=\"widget\" data-e-type=\"widget\" data-widget_type=\"heading.default\">\n\t\t\t\t<div class=\"elementor-widget-container\">\n\t\t\t\t\t<h2 class=\"elementor-heading-title elementor-size-default\">NOUS SOMMES SECUTRON<\/h2>\t\t\t\t<\/div>\n\t\t\t\t<\/div>\n\t\t\t\t<div data-dce-text-color=\"#54595F\" class=\"elementor-element elementor-element-7db3ede elementor-widget elementor-widget-text-editor\" data-id=\"7db3ede\" data-element_type=\"widget\" data-e-type=\"widget\" data-widget_type=\"text-editor.default\">\n\t\t\t\t<div class=\"elementor-widget-container\">\n\t\t\t\t\t\t\t\t\t<p>Fond\u00e9e en 1973, Secutron est un fabricant de solutions de d\u00e9tection d'incendie et d'alarme UL. Les produits Secutron sont con\u00e7us en Am\u00e9rique du Nord par le groupe d'entreprises Mircom et export\u00e9s dans le monde entier par l'interm\u00e9diaire de partenaires de distribution sur les principaux march\u00e9s, notamment l'Am\u00e9rique latine, l'Inde, le Moyen-Orient et l'Asie du Sud-Est. Depuis pr\u00e8s de 50 ans, Secutron dessert des march\u00e9s verticaux au niveau national et international. Nos caract\u00e9ristiques comprennent l'\u00e9vacuation vocale int\u00e9gr\u00e9e, des interfaces de syst\u00e8me de gestion de b\u00e2timent et un support de poste de travail graphique. Le logiciel sans licence et les utilitaires de configuration modernes r\u00e9duisent la complexit\u00e9 des ventes et des commissions. Les grandes solutions Secutron en r\u00e9seau sont fr\u00e9quemment utilis\u00e9es dans les installations militaires, les campus universitaires, les raffineries de ressources naturelles, les usines de fabrication et les complexes de bureaux commerciaux. Choisissez Secutron quand seul le meilleur peut faire l'affaire.<\/p>\t\t\t\t\t\t\t\t<\/div>\n\t\t\t\t<\/div>\n\t\t\t\t<div data-dce-title-color=\"#54595F\" class=\"elementor-element elementor-element-dc6076c elementor-widget elementor-widget-heading\" data-id=\"dc6076c\" data-element_type=\"widget\" data-e-type=\"widget\" data-widget_type=\"heading.default\">\n\t\t\t\t<div class=\"elementor-widget-container\">\n\t\t\t\t\t<h4 class=\"elementor-heading-title elementor-size-default\">Fabriqu\u00e9 au Canada. Utilis\u00e9 dans le monde entier.<\/h4>\t\t\t\t<\/div>\n\t\t\t\t<\/div>\n\t\t\t\t\t<\/div>\n\t\t<\/div>\n\t\t\t\t<div class=\"elementor-column elementor-col-50 elementor-top-column elementor-element elementor-element-63b19b8\" data-id=\"63b19b8\" data-element_type=\"column\" data-e-type=\"column\">\n\t\t\t<div class=\"elementor-widget-wrap elementor-element-populated\">\n\t\t\t\t\t\t<div class=\"elementor-element elementor-element-b431d21 elementor-widget-mobile__width-auto dce_masking-none elementor-widget elementor-widget-image\" data-id=\"b431d21\" data-element_type=\"widget\" data-e-type=\"widget\" data-widget_type=\"image.default\">\n\t\t\t\t<div class=\"elementor-widget-container\">\n\t\t\t\t\t\t\t\t\t\t\t\t\t\t\t<img decoding=\"async\" width=\"163\" height=\"163\" src=\"https:\/\/secutron.com\/wp-content\/uploads\/home_ul-listed.png\" class=\"attachment-full size-full wp-image-766\" alt=\"Secutron UL Listed\" srcset=\"https:\/\/secutron.com\/wp-content\/uploads\/home_ul-listed.png 163w, https:\/\/secutron.com\/wp-content\/uploads\/home_ul-listed-150x150.png 150w, https:\/\/secutron.com\/wp-content\/uploads\/home_ul-listed-80x80.png 80w, https:\/\/secutron.com\/wp-content\/uploads\/home_ul-listed-100x100.png 100w\" sizes=\"(max-width: 163px) 100vw, 163px\" \/>\t\t\t\t\t\t\t\t\t\t\t\t\t\t\t<\/div>\n\t\t\t\t<\/div>\n\t\t\t\t<div class=\"elementor-element elementor-element-667b776 elementor-widget-mobile__width-auto dce_masking-none elementor-widget elementor-widget-image\" data-id=\"667b776\" data-element_type=\"widget\" data-e-type=\"widget\" data-widget_type=\"image.default\">\n\t\t\t\t<div class=\"elementor-widget-container\">\n\t\t\t\t\t\t\t\t\t\t\t\t\t\t\t<img decoding=\"async\" width=\"163\" height=\"163\" src=\"https:\/\/secutron.com\/wp-content\/uploads\/home_iso_listed.png\" class=\"attachment-full size-full wp-image-765\" alt=\"Secutron ISO Certified\" srcset=\"https:\/\/secutron.com\/wp-content\/uploads\/home_iso_listed.png 163w, https:\/\/secutron.com\/wp-content\/uploads\/home_iso_listed-150x150.png 150w, https:\/\/secutron.com\/wp-content\/uploads\/home_iso_listed-80x80.png 80w, https:\/\/secutron.com\/wp-content\/uploads\/home_iso_listed-100x100.png 100w\" sizes=\"(max-width: 163px) 100vw, 163px\" \/>\t\t\t\t\t\t\t\t\t\t\t\t\t\t\t<\/div>\n\t\t\t\t<\/div>\n\t\t\t\t<div class=\"elementor-element elementor-element-4026c52 elementor-widget-mobile__width-auto dce_masking-none elementor-widget elementor-widget-image\" data-id=\"4026c52\" data-element_type=\"widget\" data-e-type=\"widget\" data-widget_type=\"image.default\">\n\t\t\t\t<div class=\"elementor-widget-container\">\n\t\t\t\t\t\t\t\t\t\t\t\t\t\t\t<img decoding=\"async\" width=\"163\" height=\"163\" src=\"https:\/\/secutron.com\/wp-content\/uploads\/home_fm-approved.png\" class=\"attachment-full size-full wp-image-764\" alt=\"Secutron FM Approved\" srcset=\"https:\/\/secutron.com\/wp-content\/uploads\/home_fm-approved.png 163w, https:\/\/secutron.com\/wp-content\/uploads\/home_fm-approved-150x150.png 150w, https:\/\/secutron.com\/wp-content\/uploads\/home_fm-approved-80x80.png 80w, https:\/\/secutron.com\/wp-content\/uploads\/home_fm-approved-100x100.png 100w\" sizes=\"(max-width: 163px) 100vw, 163px\" \/>\t\t\t\t\t\t\t\t\t\t\t\t\t\t\t<\/div>\n\t\t\t\t<\/div>\n\t\t\t\t\t<\/div>\n\t\t<\/div>\n\t\t\t\t\t<\/div>\n\t\t<\/section>\n\t\t\t\t<section class=\"elementor-section elementor-top-section elementor-element elementor-element-b7cf7c7 elementor-section-boxed elementor-section-height-default elementor-section-height-default\" data-id=\"b7cf7c7\" data-element_type=\"section\" data-e-type=\"section\">\n\t\t\t\t\t\t<div class=\"elementor-container elementor-column-gap-default\">\n\t\t\t\t\t<div class=\"elementor-column elementor-col-100 elementor-top-column elementor-element elementor-element-b5accd9\" data-id=\"b5accd9\" data-element_type=\"column\" data-e-type=\"column\">\n\t\t\t<div class=\"elementor-widget-wrap elementor-element-populated\">\n\t\t\t\t\t\t<div data-dce-title-color=\"#B52025\" class=\"elementor-element elementor-element-ff6ee7f elementor-widget elementor-widget-heading\" data-id=\"ff6ee7f\" data-element_type=\"widget\" data-e-type=\"widget\" data-widget_type=\"heading.default\">\n\t\t\t\t<div class=\"elementor-widget-container\">\n\t\t\t\t\t<h2 class=\"elementor-heading-title elementor-size-default\">PRODUITS VEDETTES<\/h2>\t\t\t\t<\/div>\n\t\t\t\t<\/div>\n\t\t\t\t<div class=\"elementor-element elementor-element-716d62b elementor-align-center elementor-widget elementor-widget-button\" data-id=\"716d62b\" data-element_type=\"widget\" data-e-type=\"widget\" data-widget_type=\"button.default\">\n\t\t\t\t<div class=\"elementor-widget-container\">\n\t\t\t\t\t\t\t\t\t<div class=\"elementor-button-wrapper\">\n\t\t\t\t\t<a class=\"elementor-button elementor-button-link elementor-size-md\" href=\"https:\/\/secutron.com\/products\/\">\n\t\t\t\t\t\t<span class=\"elementor-button-content-wrapper\">\n\t\t\t\t\t\t\t\t\t<span class=\"elementor-button-text\">VOIR TOUS LES PRODUITS<\/span>\n\t\t\t\t\t<\/span>\n\t\t\t\t\t<\/a>\n\t\t\t\t<\/div>\n\t\t\t\t\t\t\t\t<\/div>\n\t\t\t\t<\/div>\n\t\t\t\t\t<\/div>\n\t\t<\/div>\n\t\t\t\t\t<\/div>\n\t\t<\/section>\n\t\t\t\t<\/div>","protected":false},"excerpt":{"rendered":"<p>Welcome to Secutron International Page TRUSTED FIRE DETECTION &#038; ALARM MASS NOTIFICATION SYSTEMS FROM SMALL CONVENTIONAL PANELS TO THE LARGEST INTELLIGENT &amp; NETWORKED SOLUTIONS, SECUTRON\u00a0OFFERS SCALABLE, FLEXIBLE LIFE SAFTY SYSTEMS USED AROUND THE WORLD. VIEW OUR SOLUTIONS WE ARE SECUTRON Established in 1973, Secutron is UL manufacturer or fire detection &amp; alarm solutions. Secutron products [&hellip;]<\/p>\n","protected":false},"author":1,"featured_media":0,"parent":0,"menu_order":0,"comment_status":"closed","ping_status":"closed","template":"","meta":{"_acf_changed":false,"om_disable_all_campaigns":false,"_monsterinsights_skip_tracking":false,"_monsterinsights_sitenote_active":false,"_monsterinsights_sitenote_note":"","_monsterinsights_sitenote_category":0,"footnotes":""},"class_list":["post-1650","page","type-page","status-publish","hentry"],"acf":[],"yoast_head":"<!-- This site is optimized with the Yoast SEO plugin v27.5 - https:\/\/yoast.com\/product\/yoast-seo-wordpress\/ -->\n<title>Home - International - Secutron<\/title>\n<meta name=\"description\" content=\"Secutron: Trusted by customers worldwide for over 50 years. Explore our UL Listed, ISO Certified, and FM Approved fire &amp; life safety products.\" \/>\n<meta name=\"robots\" content=\"index, follow, max-snippet:-1, max-image-preview:large, max-video-preview:-1\" \/>\n<link rel=\"canonical\" href=\"https:\/\/secutron.com\/fr\/international\/\" \/>\n<meta property=\"og:locale\" content=\"fr_CA\" \/>\n<meta property=\"og:type\" content=\"article\" \/>\n<meta property=\"og:title\" content=\"Home - International - Secutron\" \/>\n<meta property=\"og:description\" content=\"Secutron: Trusted by customers worldwide for over 50 years. Explore our UL Listed, ISO Certified, and FM Approved fire &amp; life safety products.\" \/>\n<meta property=\"og:url\" content=\"https:\/\/secutron.com\/fr\/international\/\" \/>\n<meta property=\"og:site_name\" content=\"Secutron\" \/>\n<meta property=\"article:modified_time\" content=\"2024-07-18T18:11:14+00:00\" \/>\n<meta property=\"og:image\" content=\"https:\/\/secutron.com\/wp-content\/uploads\/home_ul-listed.png\" \/>\n<meta name=\"twitter:card\" content=\"summary_large_image\" \/>\n<meta name=\"twitter:label1\" content=\"Estimation du temps de lecture\" \/>\n\t<meta name=\"twitter:data1\" content=\"2 minutes\" \/>\n<script type=\"application\/ld+json\" class=\"yoast-schema-graph\">{\"@context\":\"https:\\\/\\\/schema.org\",\"@graph\":[{\"@type\":\"WebPage\",\"@id\":\"https:\\\/\\\/secutron.com\\\/international\\\/\",\"url\":\"https:\\\/\\\/secutron.com\\\/international\\\/\",\"name\":\"Home - International - Secutron\",\"isPartOf\":{\"@id\":\"https:\\\/\\\/secutron.com\\\/#website\"},\"primaryImageOfPage\":{\"@id\":\"https:\\\/\\\/secutron.com\\\/international\\\/#primaryimage\"},\"image\":{\"@id\":\"https:\\\/\\\/secutron.com\\\/international\\\/#primaryimage\"},\"thumbnailUrl\":\"http:\\\/\\\/secutron.com\\\/wp-content\\\/uploads\\\/home_ul-listed.png\",\"datePublished\":\"2023-02-02T16:54:20+00:00\",\"dateModified\":\"2024-07-18T18:11:14+00:00\",\"description\":\"Secutron: Trusted by customers worldwide for over 50 years. Explore our UL Listed, ISO Certified, and FM Approved fire & life safety products.\",\"breadcrumb\":{\"@id\":\"https:\\\/\\\/secutron.com\\\/international\\\/#breadcrumb\"},\"inLanguage\":\"fr-CA\",\"potentialAction\":[{\"@type\":\"ReadAction\",\"target\":[\"https:\\\/\\\/secutron.com\\\/international\\\/\"]}]},{\"@type\":\"ImageObject\",\"inLanguage\":\"fr-CA\",\"@id\":\"https:\\\/\\\/secutron.com\\\/international\\\/#primaryimage\",\"url\":\"http:\\\/\\\/secutron.com\\\/wp-content\\\/uploads\\\/home_ul-listed.png\",\"contentUrl\":\"http:\\\/\\\/secutron.com\\\/wp-content\\\/uploads\\\/home_ul-listed.png\"},{\"@type\":\"BreadcrumbList\",\"@id\":\"https:\\\/\\\/secutron.com\\\/international\\\/#breadcrumb\",\"itemListElement\":[{\"@type\":\"ListItem\",\"position\":1,\"name\":\"Home\",\"item\":\"https:\\\/\\\/secutron.com\\\/\"},{\"@type\":\"ListItem\",\"position\":2,\"name\":\"Home &#8211; International\"}]},{\"@type\":\"WebSite\",\"@id\":\"https:\\\/\\\/secutron.com\\\/#website\",\"url\":\"https:\\\/\\\/secutron.com\\\/\",\"name\":\"Secutron\",\"description\":\"\",\"potentialAction\":[{\"@type\":\"SearchAction\",\"target\":{\"@type\":\"EntryPoint\",\"urlTemplate\":\"https:\\\/\\\/secutron.com\\\/?s={search_term_string}\"},\"query-input\":{\"@type\":\"PropertyValueSpecification\",\"valueRequired\":true,\"valueName\":\"search_term_string\"}}],\"inLanguage\":\"fr-CA\"}]}<\/script>\n<!-- \/ Yoast SEO plugin. -->","yoast_head_json":{"title":"Home - International - Secutron","description":"Secutron: Trusted by customers worldwide for over 50 years. Explore our UL Listed, ISO Certified, and FM Approved fire & life safety products.","robots":{"index":"index","follow":"follow","max-snippet":"max-snippet:-1","max-image-preview":"max-image-preview:large","max-video-preview":"max-video-preview:-1"},"canonical":"https:\/\/secutron.com\/fr\/international\/","og_locale":"fr_CA","og_type":"article","og_title":"Home - International - Secutron","og_description":"Secutron: Trusted by customers worldwide for over 50 years. Explore our UL Listed, ISO Certified, and FM Approved fire & life safety products.","og_url":"https:\/\/secutron.com\/fr\/international\/","og_site_name":"Secutron","article_modified_time":"2024-07-18T18:11:14+00:00","og_image":[{"url":"https:\/\/secutron.com\/wp-content\/uploads\/home_ul-listed.png","type":"","width":"","height":""}],"twitter_card":"summary_large_image","twitter_misc":{"Estimation du temps de lecture":"2 minutes"},"schema":{"@context":"https:\/\/schema.org","@graph":[{"@type":"WebPage","@id":"https:\/\/secutron.com\/international\/","url":"https:\/\/secutron.com\/international\/","name":"Home - International - Secutron","isPartOf":{"@id":"https:\/\/secutron.com\/#website"},"primaryImageOfPage":{"@id":"https:\/\/secutron.com\/international\/#primaryimage"},"image":{"@id":"https:\/\/secutron.com\/international\/#primaryimage"},"thumbnailUrl":"https:\/\/secutron.com\/wp-content\/uploads\/home_ul-listed.png","datePublished":"2023-02-02T16:54:20+00:00","dateModified":"2024-07-18T18:11:14+00:00","description":"Secutron: Trusted by customers worldwide for over 50 years. Explore our UL Listed, ISO Certified, and FM Approved fire & life safety products.","breadcrumb":{"@id":"https:\/\/secutron.com\/international\/#breadcrumb"},"inLanguage":"fr-CA","potentialAction":[{"@type":"ReadAction","target":["https:\/\/secutron.com\/international\/"]}]},{"@type":"ImageObject","inLanguage":"fr-CA","@id":"https:\/\/secutron.com\/international\/#primaryimage","url":"https:\/\/secutron.com\/wp-content\/uploads\/home_ul-listed.png","contentUrl":"https:\/\/secutron.com\/wp-content\/uploads\/home_ul-listed.png"},{"@type":"BreadcrumbList","@id":"https:\/\/secutron.com\/international\/#breadcrumb","itemListElement":[{"@type":"ListItem","position":1,"name":"Home","item":"https:\/\/secutron.com\/"},{"@type":"ListItem","position":2,"name":"Home &#8211; International"}]},{"@type":"WebSite","@id":"https:\/\/secutron.com\/#website","url":"https:\/\/secutron.com\/","name":"Secutron","description":"","potentialAction":[{"@type":"SearchAction","target":{"@type":"EntryPoint","urlTemplate":"https:\/\/secutron.com\/?s={search_term_string}"},"query-input":{"@type":"PropertyValueSpecification","valueRequired":true,"valueName":"search_term_string"}}],"inLanguage":"fr-CA"}]}},"_links":{"self":[{"href":"https:\/\/secutron.com\/fr\/wp-json\/wp\/v2\/pages\/1650","targetHints":{"allow":["GET"]}}],"collection":[{"href":"https:\/\/secutron.com\/fr\/wp-json\/wp\/v2\/pages"}],"about":[{"href":"https:\/\/secutron.com\/fr\/wp-json\/wp\/v2\/types\/page"}],"author":[{"embeddable":true,"href":"https:\/\/secutron.com\/fr\/wp-json\/wp\/v2\/users\/1"}],"replies":[{"embeddable":true,"href":"https:\/\/secutron.com\/fr\/wp-json\/wp\/v2\/comments?post=1650"}],"version-history":[{"count":5,"href":"https:\/\/secutron.com\/fr\/wp-json\/wp\/v2\/pages\/1650\/revisions"}],"predecessor-version":[{"id":3526,"href":"https:\/\/secutron.com\/fr\/wp-json\/wp\/v2\/pages\/1650\/revisions\/3526"}],"wp:attachment":[{"href":"https:\/\/secutron.com\/fr\/wp-json\/wp\/v2\/media?parent=1650"}],"curies":[{"name":"wp","href":"https:\/\/api.w.org\/{rel}","templated":true}]}}